{"id":5,"date":"2023-08-19T16:38:08","date_gmt":"2023-08-19T14:38:08","guid":{"rendered":"https:\/\/www.ascbg.fr\/artsmartiaux\/?page_id=5"},"modified":"2024-08-26T22:24:24","modified_gmt":"2024-08-26T20:24:24","slug":"taekwondo","status":"publish","type":"page","link":"https:\/\/www.ascbg.fr\/artsmartiaux\/taekwondo\/","title":{"rendered":"Taekwondo"},"content":{"rendered":"\t\t<div data-elementor-type=\"wp-page\" data-elementor-id=\"5\" class=\"elementor elementor-5\">\n\t\t\t\t\t\t<section class=\"elementor-section elementor-top-section elementor-element elementor-element-6d3162c3 elementor-section-content-middle elementor-section-stretched elementor-section-boxed elementor-section-height-default elementor-section-height-default\" data-id=\"6d3162c3\" data-element_type=\"section\" data-e-type=\"section\" data-settings=\"{&quot;background_background&quot;:&quot;classic&quot;,&quot;stretch_section&quot;:&quot;section-stretched&quot;}\">\n\t\t\t\t\t\t<div class=\"elementor-container elementor-column-gap-default\">\n\t\t\t\t\t<div class=\"elementor-column elementor-col-50 elementor-top-column elementor-element elementor-element-38cb9e51\" data-id=\"38cb9e51\" data-element_type=\"column\" data-e-type=\"column\">\n\t\t\t<div class=\"elementor-widget-wrap elementor-element-populated\">\n\t\t\t\t\t\t<div class=\"elementor-element elementor-element-3f44ad32 elementor-widget elementor-widget-heading\" data-id=\"3f44ad32\" data-element_type=\"widget\" data-e-type=\"widget\" data-widget_type=\"heading.default\">\n\t\t\t\t<div class=\"elementor-widget-container\">\n\t\t\t\t\t<h2 class=\"elementor-heading-title elementor-size-default\">\"LA VOIE DU PIED ET DU POING\" <\/h2>\t\t\t\t<\/div>\n\t\t\t\t<\/div>\n\t\t\t\t<div class=\"elementor-element elementor-element-37d26fea elementor-widget elementor-widget-text-editor\" data-id=\"37d26fea\" data-element_type=\"widget\" data-e-type=\"widget\" data-widget_type=\"text-editor.default\">\n\t\t\t\t<div class=\"elementor-widget-container\">\n\t\t\t\t\t\t\t\t\t<div id=\"m_5143282258607965251AppleMailSignature\" dir=\"ltr\">Le Taekwondo, un art martial d&rsquo;origine cor\u00e9enne, est reconnu dans le monde entier pour ses coups de pied spectaculaires et sa philosophie de discipline. \u00c0 Nantes, l&rsquo;Association Bonne Garde est au c\u0153ur de cette pratique dynamique.<\/div>\t\t\t\t\t\t\t\t<\/div>\n\t\t\t\t<\/div>\n\t\t\t\t<div class=\"elementor-element elementor-element-2a61fe45 elementor-widget elementor-widget-text-editor\" data-id=\"2a61fe45\" data-element_type=\"widget\" data-e-type=\"widget\" data-widget_type=\"text-editor.default\">\n\t\t\t\t<div class=\"elementor-widget-container\">\n\t\t\t\t\t\t\t\t\t<p><span style=\"color: #9a1034; font-size: 64px; font-weight: 600;\">LES S\u00c9ANCES<\/span><\/p><p>Taekwondo enfants &#8211; Jeudi &#8211; 17h45-18h45<\/p>\t\t\t\t\t\t\t\t<\/div>\n\t\t\t\t<\/div>\n\t\t\t\t<div class=\"elementor-element elementor-element-81b6807 elementor-tablet-align-center elementor-align-left elementor-widget elementor-widget-button\" data-id=\"81b6807\" data-element_type=\"widget\" data-e-type=\"widget\" data-widget_type=\"button.default\">\n\t\t\t\t<div class=\"elementor-widget-container\">\n\t\t\t\t\t\t\t\t\t<div class=\"elementor-button-wrapper\">\n\t\t\t\t\t<a class=\"elementor-button elementor-button-link elementor-size-md\" href=\"https:\/\/ascbg.monclub.app\/subscription\/614f24af2cdd9d002113f73f\">\n\t\t\t\t\t\t<span class=\"elementor-button-content-wrapper\">\n\t\t\t\t\t\t\t\t\t<span class=\"elementor-button-text\">Inscriptions<\/span>\n\t\t\t\t\t<\/span>\n\t\t\t\t\t<\/a>\n\t\t\t\t<\/div>\n\t\t\t\t\t\t\t\t<\/div>\n\t\t\t\t<\/div>\n\t\t\t\t<section class=\"elementor-section elementor-inner-section elementor-element elementor-element-75a07d20 elementor-section-boxed elementor-section-height-default elementor-section-height-default\" data-id=\"75a07d20\" data-element_type=\"section\" data-e-type=\"section\">\n\t\t\t\t\t\t<div class=\"elementor-container elementor-column-gap-default\">\n\t\t\t\t\t<div class=\"elementor-column elementor-col-100 elementor-inner-column elementor-element elementor-element-4b284ba7\" data-id=\"4b284ba7\" data-element_type=\"column\" data-e-type=\"column\">\n\t\t\t<div class=\"elementor-widget-wrap elementor-element-populated\">\n\t\t\t\t\t\t<div class=\"elementor-element elementor-element-4639a02f elementor-widget elementor-widget-text-editor\" data-id=\"4639a02f\" data-element_type=\"widget\" data-e-type=\"widget\" data-widget_type=\"text-editor.default\">\n\t\t\t\t<div class=\"elementor-widget-container\">\n\t\t\t\t\t\t\t\t\t<p>L&rsquo;HISTOIRE<\/p>\t\t\t\t\t\t\t\t<\/div>\n\t\t\t\t<\/div>\n\t\t\t\t<div class=\"elementor-element elementor-element-698b1f9f elementor-widget elementor-widget-text-editor\" data-id=\"698b1f9f\" data-element_type=\"widget\" data-e-type=\"widget\" data-widget_type=\"text-editor.default\">\n\t\t\t\t<div class=\"elementor-widget-container\">\n\t\t\t\t\t\t\t\t\t<p>Le Taekwondo est un art martial d&rsquo;origine <b>cor\u00e9enne<\/b>. Son histoire remonte \u00e0 plusieurs si\u00e8cles en Cor\u00e9e, o\u00f9 il \u00e9tait pratiqu\u00e9 comme une forme de self-d\u00e9fense. Mais ce n&rsquo;est que dans les ann\u00e9es 1950, apr\u00e8s la guerre de Cor\u00e9e, que le Taekwondo a \u00e9t\u00e9 officiellement d\u00e9velopp\u00e9 en tant qu&rsquo;art martial moderne.\u00a0<\/p><p>Le mot \u00ab\u00a0Taekwondo\u00a0\u00bb signifie \u00ab\u00a0la voie du pied et du poing\u00a0\u00bb en cor\u00e9en, soulignant l&rsquo;importance des coups de pied et des coups de poing dans cette discipline.<\/p>\t\t\t\t\t\t\t\t<\/div>\n\t\t\t\t<\/div>\n\t\t\t\t<div class=\"elementor-element elementor-element-4197dc4c elementor-widget elementor-widget-text-editor\" data-id=\"4197dc4c\" data-element_type=\"widget\" data-e-type=\"widget\" data-widget_type=\"text-editor.default\">\n\t\t\t\t<div class=\"elementor-widget-container\">\n\t\t\t\t\t\t\t\t\t<p>LES AVANTAGES DU TAEKWONDO<\/p>\t\t\t\t\t\t\t\t<\/div>\n\t\t\t\t<\/div>\n\t\t\t\t<div class=\"elementor-element elementor-element-e2cbb81 elementor-widget elementor-widget-text-editor\" data-id=\"e2cbb81\" data-element_type=\"widget\" data-e-type=\"widget\" data-widget_type=\"text-editor.default\">\n\t\t\t\t<div class=\"elementor-widget-container\">\n\t\t\t\t\t\t\t\t\t<div id=\"m_-4179110253206132675AppleMailSignature\" dir=\"ltr\"><p>Le Taekwondo offre de nombreux avantages sur le plan physique. Il am\u00e9liore la force, la souplesse, l&rsquo;endurance et l&rsquo;agilit\u00e9.\u00a0<\/p><p>Les s\u00e9ances \u00e0 Bonne Garde incluent des exercices physiques pour d\u00e9velopper votre corps harmonieusement.<\/p><\/div><div id=\"m_-4179110253206132675AppleMailSignature\" dir=\"ltr\">\u00a0<\/div><div id=\"m_-4179110253206132675AppleMailSignature\" dir=\"ltr\">Sur le plan mental, le Taekwondo <b>encourage la discipline, la concentration et la ma\u00eetrise de soi.<\/b>\u00a0<br \/><br \/>Les \u00e9l\u00e8ves apprennent \u00e0<b> g\u00e9rer le stress, \u00e0 r\u00e9soudre des probl\u00e8mes<\/b> et \u00e0 respecter leurs instructeurs et leurs camarades.<\/div><div id=\"m_-4179110253206132675AppleMailSignature\" dir=\"ltr\"><span style=\"color: var( --e-global-color-text ); font-family: var( --e-global-typography-secondary-font-family ), Sans-serif; font-size: var( --e-global-typography-secondary-font-size ); font-weight: var( --e-global-typography-secondary-font-weight ); word-spacing: normal;\">\u00a0<\/span><\/div><div id=\"m_-4179110253206132675AppleMailSignature\" dir=\"ltr\"><span style=\"color: var( --e-global-color-text ); font-family: var( --e-global-typography-secondary-font-family ), Sans-serif; font-size: var( --e-global-typography-secondary-font-size ); font-weight: var( --e-global-typography-secondary-font-weight ); word-spacing: normal;\">Que vous cherchiez \u00e0 am\u00e9liorer votre condition physique ou \u00e0 d\u00e9velopper votre confiance en vous, le Taekwondo est une pratique enrichissante.<\/span><\/div>\t\t\t\t\t\t\t\t<\/div>\n\t\t\t\t<\/div>\n\t\t\t\t\t<\/div>\n\t\t<\/div>\n\t\t\t\t<div class=\"elementor-column elementor-col-100 elementor-inner-column elementor-element elementor-element-63fafccc\" data-id=\"63fafccc\" data-element_type=\"column\" data-e-type=\"column\">\n\t\t\t<div class=\"elementor-widget-wrap elementor-element-populated\">\n\t\t\t\t\t\t<div class=\"elementor-element elementor-element-21683e3c elementor-widget elementor-widget-text-editor\" data-id=\"21683e3c\" data-element_type=\"widget\" data-e-type=\"widget\" data-widget_type=\"text-editor.default\">\n\t\t\t\t<div class=\"elementor-widget-container\">\n\t\t\t\t\t\t\t\t\t<p>LES TECHNIQUES<\/p>\t\t\t\t\t\t\t\t<\/div>\n\t\t\t\t<\/div>\n\t\t\t\t<div class=\"elementor-element elementor-element-35f63b2d elementor-widget elementor-widget-text-editor\" data-id=\"35f63b2d\" data-element_type=\"widget\" data-e-type=\"widget\" data-widget_type=\"text-editor.default\">\n\t\t\t\t<div class=\"elementor-widget-container\">\n\t\t\t\t\t\t\t\t\t<p><span style=\"color: var( --e-global-color-text ); font-family: var( --e-global-typography-secondary-font-family ), Sans-serif; font-size: var( --e-global-typography-secondary-font-size ); font-weight: var( --e-global-typography-secondary-font-weight ); word-spacing: normal;\">Le Taekwondo est c\u00e9l\u00e8bre pour ses techniques de <\/span><span style=\"color: var( --e-global-color-text ); font-family: var( --e-global-typography-secondary-font-family ), Sans-serif; font-size: var( --e-global-typography-secondary-font-size ); word-spacing: normal;\"><b>c<\/b><\/span><span style=\"color: var( --e-global-color-text ); font-family: var( --e-global-typography-secondary-font-family ), Sans-serif; font-size: var( --e-global-typography-secondary-font-size ); word-spacing: normal;\"><b>oups de pied rapides et puissants.<\/b><\/span><span style=\"color: var( --e-global-color-text ); font-family: var( --e-global-typography-secondary-font-family ), Sans-serif; font-size: var( --e-global-typography-secondary-font-size ); font-weight: var( --e-global-typography-secondary-font-weight ); word-spacing: normal;\">\u00a0<\/span><\/p><div id=\"m_-4179110253206132675AppleMailSignature\" dir=\"ltr\"><span style=\"color: var( --e-global-color-text ); font-family: var( --e-global-typography-secondary-font-family ), Sans-serif; font-size: var( --e-global-typography-secondary-font-size ); font-weight: var( --e-global-typography-secondary-font-weight ); word-spacing: normal;\">1. Coup de pied circulaire<br \/><\/span><span style=\"color: var( --e-global-color-text ); font-family: var( --e-global-typography-secondary-font-family ), Sans-serif; font-size: var( --e-global-typography-secondary-font-size ); font-weight: var( --e-global-typography-secondary-font-weight ); word-spacing: normal;\">Les coups de pied circulaires sont effectu\u00e9s en pivotant sur la jambe d&rsquo;appui et en frappant avec le c\u00f4t\u00e9 du pied. Ils sont utilis\u00e9s pour atteindre des cibles sur les c\u00f4t\u00e9s du corps de l&rsquo;adversaire.<\/span><\/div><div id=\"m_-4179110253206132675AppleMailSignature\" dir=\"ltr\">\u00a0<\/div><div id=\"m_-4179110253206132675AppleMailSignature\" dir=\"ltr\">2. Coup de pied lat\u00e9ral<br \/>Ce coup de pied est ex\u00e9cut\u00e9 en levant la jambe sur le c\u00f4t\u00e9 et en frappant avec le talon. Il est efficace pour cibler les flancs de l&rsquo;adversaire.<\/div><div id=\"m_-4179110253206132675AppleMailSignature\" dir=\"ltr\">\u00a0<\/div><div id=\"m_-4179110253206132675AppleMailSignature\" dir=\"ltr\">3. Coup de pied retourn\u00e9<br \/>Les coups de pied retourn\u00e9s impliquent de tourner sur une jambe tout en frappant avec le talon ou le tranchant du pied. Ils sont utilis\u00e9s pour viser les jambes de l&rsquo;adversaire.<\/div><div id=\"m_-4179110253206132675AppleMailSignature\" dir=\"ltr\">\u00a0<\/div><div id=\"m_-4179110253206132675AppleMailSignature\" dir=\"ltr\">4. Coup de pied saut\u00e9<br \/>Les coups de pied saut\u00e9s sont r\u00e9alis\u00e9s en sautant dans les airs et en frappant avec le pied. Cela ajoute de la puissance et de la surprise \u00e0 l&rsquo;attaque.<\/div><div id=\"m_-4179110253206132675AppleMailSignature\" dir=\"ltr\">\u00a0<\/div><div id=\"m_-4179110253206132675AppleMailSignature\" dir=\"ltr\">5. Coups de poing<br \/>Bien que le Taekwondo mette l&rsquo;accent sur les coups de pied, il inclut \u00e9galement des coups de poing, notamment le coup de poing direct et le crochet du poing.<\/div><div id=\"m_-4179110253206132675AppleMailSignature\" dir=\"ltr\">\u00a0<\/div><div id=\"m_-4179110253206132675AppleMailSignature\" dir=\"ltr\">6. Blocages<br \/>Les blocages sont utilis\u00e9s pour se d\u00e9fendre contre les attaques de l&rsquo;adversaire. Ils sont r\u00e9alis\u00e9s avec les bras ou les jambes pour d\u00e9vier ou arr\u00eater les coups.<\/div><div id=\"m_-4179110253206132675AppleMailSignature\" dir=\"ltr\">\u00a0<\/div><div id=\"m_-4179110253206132675AppleMailSignature\" dir=\"ltr\">Ces techniques sont pratiqu\u00e9es de mani\u00e8re r\u00e9p\u00e9t\u00e9e et soigneuse \u00e0 Bonne Garde. Les instructeurs insistent sur la forme correcte et la pr\u00e9cision pour d\u00e9velopper la ma\u00eetrise des mouvements.\u00a0<\/div>\t\t\t\t\t\t\t\t<\/div>\n\t\t\t\t<\/div>\n\t\t\t\t\t<\/div>\n\t\t<\/div>\n\t\t\t\t\t<\/div>\n\t\t<\/section>\n\t\t\t\t\t<\/div>\n\t\t<\/div>\n\t\t\t\t<div class=\"elementor-column elementor-col-50 elementor-top-column elementor-element elementor-element-3b7dbbda\" data-id=\"3b7dbbda\" data-element_type=\"column\" data-e-type=\"column\" data-settings=\"{&quot;background_background&quot;:&quot;classic&quot;}\">\n\t\t\t<div class=\"elementor-widget-wrap elementor-element-populated\">\n\t\t\t\t\t\t<div class=\"elementor-element elementor-element-6a9fc6d4 elementor-widget elementor-widget-spacer\" data-id=\"6a9fc6d4\" data-element_type=\"widget\" data-e-type=\"widget\" data-widget_type=\"spacer.default\">\n\t\t\t\t<div class=\"elementor-widget-container\">\n\t\t\t\t\t\t\t<div class=\"elementor-spacer\">\n\t\t\t<div class=\"elementor-spacer-inner\"><\/div>\n\t\t<\/div>\n\t\t\t\t\t\t<\/div>\n\t\t\t\t<\/div>\n\t\t\t\t\t<\/div>\n\t\t<\/div>\n\t\t\t\t\t<\/div>\n\t\t<\/section>\n\t\t\t\t<\/div>\n\t\t","protected":false},"excerpt":{"rendered":"<p>\u00ab\u00a0LA VOIE DU PIED ET DU POING\u00a0\u00bb Le Taekwondo, un art martial d&rsquo;origine cor\u00e9enne, est reconnu dans le monde entier pour ses coups de pied spectaculaires et sa philosophie de discipline. \u00c0 Nantes, l&rsquo;Association Bonne Garde est au c\u0153ur de cette pratique dynamique. LES S\u00c9ANCES Taekwondo enfants &#8211; Jeudi &#8211; 17h45-18h45 Inscriptions L&rsquo;HISTOIRE Le Taekwondo est un art martial d&rsquo;origine cor\u00e9enne. Son histoire remonte \u00e0 plusieurs si\u00e8cles en Cor\u00e9e, o\u00f9 il \u00e9tait pratiqu\u00e9 comme une forme de self-d\u00e9fense. Mais ce n&rsquo;est que dans les ann\u00e9es 1950, apr\u00e8s la guerre de Cor\u00e9e, que le Taekwondo a \u00e9t\u00e9 officiellement d\u00e9velopp\u00e9 en tant qu&rsquo;art martial moderne.\u00a0 Le mot \u00ab\u00a0Taekwondo\u00a0\u00bb signifie \u00ab\u00a0la voie du pied et du poing\u00a0\u00bb en cor\u00e9en, soulignant l&rsquo;importance des coups de pied et des coups de poing dans cette discipline. LES AVANTAGES DU TAEKWONDO Le Taekwondo offre de nombreux avantages sur le plan physique. Il am\u00e9liore la force, la souplesse,&hellip;<\/p>\n<p> <a class=\"more-link\" href=\"https:\/\/www.ascbg.fr\/artsmartiaux\/taekwondo\/\">Lire la suite<\/a><\/p>\n","protected":false},"author":5,"featured_media":0,"parent":0,"menu_order":1,"comment_status":"closed","ping_status":"closed","template":"elementor_header_footer","meta":{"footnotes":""},"class_list":["post-5","page","type-page","status-publish"],"yoast_head":"<!-- This site is optimized with the Yoast SEO plugin v27.5 - https:\/\/yoast.com\/product\/yoast-seo-wordpress\/ -->\n<title>Taekwondo - Arts Martiaux<\/title>\n<meta name=\"robots\" content=\"index, follow, max-snippet:-1, max-image-preview:large, max-video-preview:-1\" \/>\n<link rel=\"canonical\" href=\"https:\/\/www.ascbg.fr\/artsmartiaux\/taekwondo\/\" \/>\n<meta property=\"og:locale\" content=\"fr_FR\" \/>\n<meta property=\"og:type\" content=\"article\" \/>\n<meta property=\"og:title\" content=\"Taekwondo - Arts Martiaux\" \/>\n<meta property=\"og:description\" content=\"\u00ab\u00a0LA VOIE DU PIED ET DU POING\u00a0\u00bb Le Taekwondo, un art martial d&rsquo;origine cor\u00e9enne, est reconnu dans le monde entier pour ses coups de pied spectaculaires et sa philosophie de discipline. \u00c0 Nantes, l&rsquo;Association Bonne Garde est au c\u0153ur de cette pratique dynamique. LES S\u00c9ANCES Taekwondo enfants &#8211; Jeudi &#8211; 17h45-18h45 Inscriptions L&rsquo;HISTOIRE Le Taekwondo est un art martial d&rsquo;origine cor\u00e9enne. Son histoire remonte \u00e0 plusieurs si\u00e8cles en Cor\u00e9e, o\u00f9 il \u00e9tait pratiqu\u00e9 comme une forme de self-d\u00e9fense. Mais ce n&rsquo;est que dans les ann\u00e9es 1950, apr\u00e8s la guerre de Cor\u00e9e, que le Taekwondo a \u00e9t\u00e9 officiellement d\u00e9velopp\u00e9 en tant qu&rsquo;art martial moderne.\u00a0 Le mot \u00ab\u00a0Taekwondo\u00a0\u00bb signifie \u00ab\u00a0la voie du pied et du poing\u00a0\u00bb en cor\u00e9en, soulignant l&rsquo;importance des coups de pied et des coups de poing dans cette discipline. LES AVANTAGES DU TAEKWONDO Le Taekwondo offre de nombreux avantages sur le plan physique. Il am\u00e9liore la force, la souplesse,&hellip;  Lire la suite\" \/>\n<meta property=\"og:url\" content=\"https:\/\/www.ascbg.fr\/artsmartiaux\/taekwondo\/\" \/>\n<meta property=\"og:site_name\" content=\"Arts Martiaux\" \/>\n<meta property=\"article:modified_time\" content=\"2024-08-26T20:24:24+00:00\" \/>\n<meta name=\"twitter:card\" content=\"summary_large_image\" \/>\n<meta name=\"twitter:label1\" content=\"Dur\u00e9e de lecture estim\u00e9e\" \/>\n\t<meta name=\"twitter:data1\" content=\"3 minutes\" \/>\n<script type=\"application\/ld+json\" class=\"yoast-schema-graph\">{\"@context\":\"https:\\\/\\\/schema.org\",\"@graph\":[{\"@type\":\"WebPage\",\"@id\":\"https:\\\/\\\/www.ascbg.fr\\\/artsmartiaux\\\/taekwondo\\\/\",\"url\":\"https:\\\/\\\/www.ascbg.fr\\\/artsmartiaux\\\/taekwondo\\\/\",\"name\":\"Taekwondo - Arts Martiaux\",\"isPartOf\":{\"@id\":\"https:\\\/\\\/www.ascbg.fr\\\/artsmartiaux\\\/#website\"},\"datePublished\":\"2023-08-19T14:38:08+00:00\",\"dateModified\":\"2024-08-26T20:24:24+00:00\",\"breadcrumb\":{\"@id\":\"https:\\\/\\\/www.ascbg.fr\\\/artsmartiaux\\\/taekwondo\\\/#breadcrumb\"},\"inLanguage\":\"fr-FR\",\"potentialAction\":[{\"@type\":\"ReadAction\",\"target\":[\"https:\\\/\\\/www.ascbg.fr\\\/artsmartiaux\\\/taekwondo\\\/\"]}]},{\"@type\":\"BreadcrumbList\",\"@id\":\"https:\\\/\\\/www.ascbg.fr\\\/artsmartiaux\\\/taekwondo\\\/#breadcrumb\",\"itemListElement\":[{\"@type\":\"ListItem\",\"position\":1,\"name\":\"Accueil\",\"item\":\"https:\\\/\\\/www.ascbg.fr\\\/artsmartiaux\\\/\"},{\"@type\":\"ListItem\",\"position\":2,\"name\":\"Taekwondo\"}]},{\"@type\":\"WebSite\",\"@id\":\"https:\\\/\\\/www.ascbg.fr\\\/artsmartiaux\\\/#website\",\"url\":\"https:\\\/\\\/www.ascbg.fr\\\/artsmartiaux\\\/\",\"name\":\"Arts Martiaux\",\"description\":\"\",\"publisher\":{\"@id\":\"https:\\\/\\\/www.ascbg.fr\\\/artsmartiaux\\\/#organization\"},\"potentialAction\":[{\"@type\":\"SearchAction\",\"target\":{\"@type\":\"EntryPoint\",\"urlTemplate\":\"https:\\\/\\\/www.ascbg.fr\\\/artsmartiaux\\\/?s={search_term_string}\"},\"query-input\":{\"@type\":\"PropertyValueSpecification\",\"valueRequired\":true,\"valueName\":\"search_term_string\"}}],\"inLanguage\":\"fr-FR\"},{\"@type\":\"Organization\",\"@id\":\"https:\\\/\\\/www.ascbg.fr\\\/artsmartiaux\\\/#organization\",\"name\":\"Arts Martiaux\",\"url\":\"https:\\\/\\\/www.ascbg.fr\\\/artsmartiaux\\\/\",\"logo\":{\"@type\":\"ImageObject\",\"inLanguage\":\"fr-FR\",\"@id\":\"https:\\\/\\\/www.ascbg.fr\\\/artsmartiaux\\\/#\\\/schema\\\/logo\\\/image\\\/\",\"url\":\"https:\\\/\\\/www.ascbg.fr\\\/artsmartiaux\\\/wp-content\\\/uploads\\\/sites\\\/6\\\/2024\\\/08\\\/cropped-ASCBG-Embleme-1.png\",\"contentUrl\":\"https:\\\/\\\/www.ascbg.fr\\\/artsmartiaux\\\/wp-content\\\/uploads\\\/sites\\\/6\\\/2024\\\/08\\\/cropped-ASCBG-Embleme-1.png\",\"width\":6507,\"height\":6507,\"caption\":\"Arts Martiaux\"},\"image\":{\"@id\":\"https:\\\/\\\/www.ascbg.fr\\\/artsmartiaux\\\/#\\\/schema\\\/logo\\\/image\\\/\"}}]}<\/script>\n<!-- \/ Yoast SEO plugin. -->","yoast_head_json":{"title":"Taekwondo - Arts Martiaux","robots":{"index":"index","follow":"follow","max-snippet":"max-snippet:-1","max-image-preview":"max-image-preview:large","max-video-preview":"max-video-preview:-1"},"canonical":"https:\/\/www.ascbg.fr\/artsmartiaux\/taekwondo\/","og_locale":"fr_FR","og_type":"article","og_title":"Taekwondo - Arts Martiaux","og_description":"\u00ab\u00a0LA VOIE DU PIED ET DU POING\u00a0\u00bb Le Taekwondo, un art martial d&rsquo;origine cor\u00e9enne, est reconnu dans le monde entier pour ses coups de pied spectaculaires et sa philosophie de discipline. \u00c0 Nantes, l&rsquo;Association Bonne Garde est au c\u0153ur de cette pratique dynamique. LES S\u00c9ANCES Taekwondo enfants &#8211; Jeudi &#8211; 17h45-18h45 Inscriptions L&rsquo;HISTOIRE Le Taekwondo est un art martial d&rsquo;origine cor\u00e9enne. Son histoire remonte \u00e0 plusieurs si\u00e8cles en Cor\u00e9e, o\u00f9 il \u00e9tait pratiqu\u00e9 comme une forme de self-d\u00e9fense. Mais ce n&rsquo;est que dans les ann\u00e9es 1950, apr\u00e8s la guerre de Cor\u00e9e, que le Taekwondo a \u00e9t\u00e9 officiellement d\u00e9velopp\u00e9 en tant qu&rsquo;art martial moderne.\u00a0 Le mot \u00ab\u00a0Taekwondo\u00a0\u00bb signifie \u00ab\u00a0la voie du pied et du poing\u00a0\u00bb en cor\u00e9en, soulignant l&rsquo;importance des coups de pied et des coups de poing dans cette discipline. LES AVANTAGES DU TAEKWONDO Le Taekwondo offre de nombreux avantages sur le plan physique. Il am\u00e9liore la force, la souplesse,&hellip;  Lire la suite","og_url":"https:\/\/www.ascbg.fr\/artsmartiaux\/taekwondo\/","og_site_name":"Arts Martiaux","article_modified_time":"2024-08-26T20:24:24+00:00","twitter_card":"summary_large_image","twitter_misc":{"Dur\u00e9e de lecture estim\u00e9e":"3 minutes"},"schema":{"@context":"https:\/\/schema.org","@graph":[{"@type":"WebPage","@id":"https:\/\/www.ascbg.fr\/artsmartiaux\/taekwondo\/","url":"https:\/\/www.ascbg.fr\/artsmartiaux\/taekwondo\/","name":"Taekwondo - Arts Martiaux","isPartOf":{"@id":"https:\/\/www.ascbg.fr\/artsmartiaux\/#website"},"datePublished":"2023-08-19T14:38:08+00:00","dateModified":"2024-08-26T20:24:24+00:00","breadcrumb":{"@id":"https:\/\/www.ascbg.fr\/artsmartiaux\/taekwondo\/#breadcrumb"},"inLanguage":"fr-FR","potentialAction":[{"@type":"ReadAction","target":["https:\/\/www.ascbg.fr\/artsmartiaux\/taekwondo\/"]}]},{"@type":"BreadcrumbList","@id":"https:\/\/www.ascbg.fr\/artsmartiaux\/taekwondo\/#breadcrumb","itemListElement":[{"@type":"ListItem","position":1,"name":"Accueil","item":"https:\/\/www.ascbg.fr\/artsmartiaux\/"},{"@type":"ListItem","position":2,"name":"Taekwondo"}]},{"@type":"WebSite","@id":"https:\/\/www.ascbg.fr\/artsmartiaux\/#website","url":"https:\/\/www.ascbg.fr\/artsmartiaux\/","name":"Arts Martiaux","description":"","publisher":{"@id":"https:\/\/www.ascbg.fr\/artsmartiaux\/#organization"},"potentialAction":[{"@type":"SearchAction","target":{"@type":"EntryPoint","urlTemplate":"https:\/\/www.ascbg.fr\/artsmartiaux\/?s={search_term_string}"},"query-input":{"@type":"PropertyValueSpecification","valueRequired":true,"valueName":"search_term_string"}}],"inLanguage":"fr-FR"},{"@type":"Organization","@id":"https:\/\/www.ascbg.fr\/artsmartiaux\/#organization","name":"Arts Martiaux","url":"https:\/\/www.ascbg.fr\/artsmartiaux\/","logo":{"@type":"ImageObject","inLanguage":"fr-FR","@id":"https:\/\/www.ascbg.fr\/artsmartiaux\/#\/schema\/logo\/image\/","url":"https:\/\/www.ascbg.fr\/artsmartiaux\/wp-content\/uploads\/sites\/6\/2024\/08\/cropped-ASCBG-Embleme-1.png","contentUrl":"https:\/\/www.ascbg.fr\/artsmartiaux\/wp-content\/uploads\/sites\/6\/2024\/08\/cropped-ASCBG-Embleme-1.png","width":6507,"height":6507,"caption":"Arts Martiaux"},"image":{"@id":"https:\/\/www.ascbg.fr\/artsmartiaux\/#\/schema\/logo\/image\/"}}]}},"_links":{"self":[{"href":"https:\/\/www.ascbg.fr\/artsmartiaux\/wp-json\/wp\/v2\/pages\/5","targetHints":{"allow":["GET"]}}],"collection":[{"href":"https:\/\/www.ascbg.fr\/artsmartiaux\/wp-json\/wp\/v2\/pages"}],"about":[{"href":"https:\/\/www.ascbg.fr\/artsmartiaux\/wp-json\/wp\/v2\/types\/page"}],"author":[{"embeddable":true,"href":"https:\/\/www.ascbg.fr\/artsmartiaux\/wp-json\/wp\/v2\/users\/5"}],"replies":[{"embeddable":true,"href":"https:\/\/www.ascbg.fr\/artsmartiaux\/wp-json\/wp\/v2\/comments?post=5"}],"version-history":[{"count":19,"href":"https:\/\/www.ascbg.fr\/artsmartiaux\/wp-json\/wp\/v2\/pages\/5\/revisions"}],"predecessor-version":[{"id":205,"href":"https:\/\/www.ascbg.fr\/artsmartiaux\/wp-json\/wp\/v2\/pages\/5\/revisions\/205"}],"wp:attachment":[{"href":"https:\/\/www.ascbg.fr\/artsmartiaux\/wp-json\/wp\/v2\/media?parent=5"}],"curies":[{"name":"wp","href":"https:\/\/api.w.org\/{rel}","templated":true}]}}