{"id":1365,"date":"2019-05-29T15:35:29","date_gmt":"2019-05-29T13:35:29","guid":{"rendered":"https:\/\/www.ascbggaf.org\/?page_id=1365"},"modified":"2025-06-05T12:32:55","modified_gmt":"2025-06-05T10:32:55","slug":"yoga-vinyasa","status":"publish","type":"page","link":"https:\/\/www.ascbg.fr\/gaf\/yoga-vinyasa\/","title":{"rendered":"YOGA VINYASA"},"content":{"rendered":"\t\t<div data-elementor-type=\"wp-page\" data-elementor-id=\"1365\" class=\"elementor elementor-1365\">\n\t\t\t\t\t\t<section class=\"elementor-section elementor-top-section elementor-element elementor-element-5f78266e elementor-section-content-middle elementor-section-stretched elementor-section-boxed elementor-section-height-default elementor-section-height-default\" data-id=\"5f78266e\" data-element_type=\"section\" data-e-type=\"section\" data-settings=\"{&quot;background_background&quot;:&quot;classic&quot;,&quot;stretch_section&quot;:&quot;section-stretched&quot;}\">\n\t\t\t\t\t\t<div class=\"elementor-container elementor-column-gap-default\">\n\t\t\t\t\t<div class=\"elementor-column elementor-col-50 elementor-top-column elementor-element elementor-element-3c639f4c\" data-id=\"3c639f4c\" data-element_type=\"column\" data-e-type=\"column\">\n\t\t\t<div class=\"elementor-widget-wrap elementor-element-populated\">\n\t\t\t\t\t\t<div class=\"elementor-element elementor-element-3bf671fa elementor-widget elementor-widget-heading\" data-id=\"3bf671fa\" data-element_type=\"widget\" data-e-type=\"widget\" data-widget_type=\"heading.default\">\n\t\t\t\t<div class=\"elementor-widget-container\">\n\t\t\t\t\t<h2 class=\"elementor-heading-title elementor-size-default\">RESPIREZ, \u00c9TIREZ, VIVEZ<\/h2>\t\t\t\t<\/div>\n\t\t\t\t<\/div>\n\t\t\t\t<div class=\"elementor-element elementor-element-4303da3 elementor-tablet-align-center elementor-align-left elementor-widget__width-initial elementor-widget elementor-widget-button\" data-id=\"4303da3\" data-element_type=\"widget\" data-e-type=\"widget\" data-widget_type=\"button.default\">\n\t\t\t\t<div class=\"elementor-widget-container\">\n\t\t\t\t\t\t\t\t\t<div class=\"elementor-button-wrapper\">\n\t\t\t\t\t<a class=\"elementor-button elementor-button-link elementor-size-md\" href=\"https:\/\/ascbg.monclub.app\/app\/665616face323700ad192efb\" target=\"_blank\">\n\t\t\t\t\t\t<span class=\"elementor-button-content-wrapper\">\n\t\t\t\t\t\t\t\t\t<span class=\"elementor-button-text\">S'inscrire \u00e0 l'activit\u00e9 Yoga Vinyasa<\/span>\n\t\t\t\t\t<\/span>\n\t\t\t\t\t<\/a>\n\t\t\t\t<\/div>\n\t\t\t\t\t\t\t\t<\/div>\n\t\t\t\t<\/div>\n\t\t\t\t<div class=\"elementor-element elementor-element-ae11b73 elementor-tablet-align-center elementor-align-left elementor-widget__width-initial elementor-widget elementor-widget-button\" data-id=\"ae11b73\" data-element_type=\"widget\" data-e-type=\"widget\" data-widget_type=\"button.default\">\n\t\t\t\t<div class=\"elementor-widget-container\">\n\t\t\t\t\t\t\t\t\t<div class=\"elementor-button-wrapper\">\n\t\t\t\t\t<a class=\"elementor-button elementor-button-link elementor-size-md\" href=\"https:\/\/www.ascbg.fr\/gaf\/yoga-vinyasa-creneaux\/\" target=\"_blank\">\n\t\t\t\t\t\t<span class=\"elementor-button-content-wrapper\">\n\t\t\t\t\t\t\t\t\t<span class=\"elementor-button-text\">Cr\u00e9neaux<\/span>\n\t\t\t\t\t<\/span>\n\t\t\t\t\t<\/a>\n\t\t\t\t<\/div>\n\t\t\t\t\t\t\t\t<\/div>\n\t\t\t\t<\/div>\n\t\t\t\t<section class=\"elementor-section elementor-inner-section elementor-element elementor-element-61b14acc elementor-section-boxed elementor-section-height-default elementor-section-height-default\" data-id=\"61b14acc\" data-element_type=\"section\" data-e-type=\"section\">\n\t\t\t\t\t\t<div class=\"elementor-container elementor-column-gap-default\">\n\t\t\t\t\t<div class=\"elementor-column elementor-col-100 elementor-inner-column elementor-element elementor-element-5de9283a\" data-id=\"5de9283a\" data-element_type=\"column\" data-e-type=\"column\">\n\t\t\t<div class=\"elementor-widget-wrap elementor-element-populated\">\n\t\t\t\t\t\t<div class=\"elementor-element elementor-element-eda2a5e elementor-widget elementor-widget-accordion\" data-id=\"eda2a5e\" data-element_type=\"widget\" data-e-type=\"widget\" data-widget_type=\"accordion.default\">\n\t\t\t\t<div class=\"elementor-widget-container\">\n\t\t\t\t\t\t\t<div class=\"elementor-accordion\">\n\t\t\t\t\t\t\t<div class=\"elementor-accordion-item\">\n\t\t\t\t\t<div id=\"elementor-tab-title-2491\" class=\"elementor-tab-title\" data-tab=\"1\" role=\"button\" aria-controls=\"elementor-tab-content-2491\" aria-expanded=\"false\">\n\t\t\t\t\t\t\t\t\t\t\t\t\t<span class=\"elementor-accordion-icon elementor-accordion-icon-left\" aria-hidden=\"true\">\n\t\t\t\t\t\t\t\t\t\t\t\t\t\t\t<span class=\"elementor-accordion-icon-closed\"><i class=\"fas fa-angle-double-down\"><\/i><\/span>\n\t\t\t\t\t\t\t\t<span class=\"elementor-accordion-icon-opened\"><i class=\"fas fa-angle-double-up\"><\/i><\/span>\n\t\t\t\t\t\t\t\t\t\t\t\t\t\t<\/span>\n\t\t\t\t\t\t\t\t\t\t\t\t<a class=\"elementor-accordion-title\" tabindex=\"0\">Yoga Vinyasa<\/a>\n\t\t\t\t\t<\/div>\n\t\t\t\t\t<div id=\"elementor-tab-content-2491\" class=\"elementor-tab-content elementor-clearfix\" data-tab=\"1\" role=\"region\" aria-labelledby=\"elementor-tab-title-2491\"><p>A Bonne Garde on aime le mouvement ! Alors c&rsquo;est le Yoga Vinyasa que nous vous proposons. Pas de positions statiques en faisant des postures bizarres. Non, ici, on bouge, on respire, et on renforce ses muscles profonds, tout en gardant une d\u00e9contraction zen.<\/p><p>Imaginez des s\u00e9quences de mouvements fluides, o\u00f9 vous passez du sol \u00e0 la position du chien t\u00eate en bas sans pause caf\u00e9 entre les deux. C&rsquo;est comme une chor\u00e9graphie pour votre corps, mais en respirant calmement.<\/p><p>Le Vinyasa devient un mix de yoga, de fitness et de m\u00e9ditation. S\u00e9verine vous guidera \u00e0 travers sa p\u00e9dagogie sur des encha\u00eenements qui vous feront sentir bien sans fragiliser votre dos.<\/p><p>Les cours sont ouverts \u00e0 tous, du d\u00e9butant au pro du tapis. Pas besoin d&rsquo;\u00eatre souple, l&rsquo;important, c&rsquo;est de bouger en harmonie avec votre respiration. Des petits groupes de 12 personnes pour \u00eatre dans une ambiance cosy et un encadrement personnalis\u00e9.<\/p><p>Que vous soyez adeptes de pratiques sportives ou que ce soit seule activit\u00e9 de la semaine, le yoga Vinyasa est un peu comme une s\u00e9ance de gym cool o\u00f9 pourrez prendre soin de vous tout en bougeant.<\/p><\/div>\n\t\t\t\t<\/div>\n\t\t\t\t\t\t\t\t<\/div>\n\t\t\t\t\t\t<\/div>\n\t\t\t\t<\/div>\n\t\t\t\t\t<\/div>\n\t\t<\/div>\n\t\t\t\t\t<\/div>\n\t\t<\/section>\n\t\t\t\t\t<\/div>\n\t\t<\/div>\n\t\t\t\t<div class=\"elementor-column elementor-col-50 elementor-top-column elementor-element elementor-element-7f673b18\" data-id=\"7f673b18\" data-element_type=\"column\" data-e-type=\"column\" data-settings=\"{&quot;background_background&quot;:&quot;classic&quot;}\">\n\t\t\t<div class=\"elementor-widget-wrap elementor-element-populated\">\n\t\t\t\t\t\t<div class=\"elementor-element elementor-element-32757822 elementor-widget elementor-widget-spacer\" data-id=\"32757822\" data-element_type=\"widget\" data-e-type=\"widget\" data-widget_type=\"spacer.default\">\n\t\t\t\t<div class=\"elementor-widget-container\">\n\t\t\t\t\t\t\t<div class=\"elementor-spacer\">\n\t\t\t<div class=\"elementor-spacer-inner\"><\/div>\n\t\t<\/div>\n\t\t\t\t\t\t<\/div>\n\t\t\t\t<\/div>\n\t\t\t\t\t<\/div>\n\t\t<\/div>\n\t\t\t\t\t<\/div>\n\t\t<\/section>\n\t\t\t\t<\/div>\n\t\t","protected":false},"excerpt":{"rendered":"<p>RESPIREZ, \u00c9TIREZ, VIVEZ S&rsquo;inscrire \u00e0 l&rsquo;activit\u00e9 Yoga Vinyasa Cr\u00e9neaux Yoga Vinyasa A Bonne Garde on aime le mouvement ! Alors c&rsquo;est le Yoga Vinyasa que nous vous proposons. Pas de positions statiques en faisant des postures bizarres. Non, ici, on bouge, on respire, et on renforce ses muscles profonds, tout en gardant une d\u00e9contraction zen. Imaginez des s\u00e9quences de mouvements fluides, o\u00f9 vous passez du sol \u00e0 la position du chien t\u00eate en bas sans pause caf\u00e9 entre les deux. C&rsquo;est comme une chor\u00e9graphie pour votre corps, mais en respirant calmement. Le Vinyasa devient un mix de yoga, de fitness et de m\u00e9ditation. S\u00e9verine vous guidera \u00e0 travers sa p\u00e9dagogie sur des encha\u00eenements qui vous feront sentir bien sans fragiliser votre dos. Les cours sont ouverts \u00e0 tous, du d\u00e9butant au pro du tapis. Pas besoin d&rsquo;\u00eatre souple, l&rsquo;important, c&rsquo;est de bouger en harmonie avec votre respiration. Des petits groupes&hellip;<\/p>\n<p> <a class=\"more-link\" href=\"https:\/\/www.ascbg.fr\/gaf\/yoga-vinyasa\/\">Lire la suite<\/a><\/p>\n","protected":false},"author":3,"featured_media":0,"parent":0,"menu_order":-1,"comment_status":"closed","ping_status":"closed","template":"elementor_header_footer","meta":{"footnotes":""},"class_list":["post-1365","page","type-page","status-publish"],"yoast_head":"<!-- This site is optimized with the Yoast SEO plugin v27.4 - https:\/\/yoast.com\/product\/yoast-seo-wordpress\/ -->\n<title>YOGA VINYASA - Gymnastique F\u00e9minine<\/title>\n<meta name=\"robots\" content=\"index, follow, max-snippet:-1, max-image-preview:large, max-video-preview:-1\" \/>\n<link rel=\"canonical\" href=\"https:\/\/www.ascbg.fr\/gaf\/yoga-vinyasa\/\" \/>\n<meta property=\"og:locale\" content=\"fr_FR\" \/>\n<meta property=\"og:type\" content=\"article\" \/>\n<meta property=\"og:title\" content=\"YOGA VINYASA - Gymnastique F\u00e9minine\" \/>\n<meta property=\"og:description\" content=\"RESPIREZ, \u00c9TIREZ, VIVEZ S&rsquo;inscrire \u00e0 l&rsquo;activit\u00e9 Yoga Vinyasa Cr\u00e9neaux Yoga Vinyasa A Bonne Garde on aime le mouvement ! Alors c&rsquo;est le Yoga Vinyasa que nous vous proposons. Pas de positions statiques en faisant des postures bizarres. Non, ici, on bouge, on respire, et on renforce ses muscles profonds, tout en gardant une d\u00e9contraction zen. Imaginez des s\u00e9quences de mouvements fluides, o\u00f9 vous passez du sol \u00e0 la position du chien t\u00eate en bas sans pause caf\u00e9 entre les deux. C&rsquo;est comme une chor\u00e9graphie pour votre corps, mais en respirant calmement. Le Vinyasa devient un mix de yoga, de fitness et de m\u00e9ditation. S\u00e9verine vous guidera \u00e0 travers sa p\u00e9dagogie sur des encha\u00eenements qui vous feront sentir bien sans fragiliser votre dos. Les cours sont ouverts \u00e0 tous, du d\u00e9butant au pro du tapis. Pas besoin d&rsquo;\u00eatre souple, l&rsquo;important, c&rsquo;est de bouger en harmonie avec votre respiration. Des petits groupes&hellip;  Lire la suite\" \/>\n<meta property=\"og:url\" content=\"https:\/\/www.ascbg.fr\/gaf\/yoga-vinyasa\/\" \/>\n<meta property=\"og:site_name\" content=\"Gymnastique F\u00e9minine\" \/>\n<meta property=\"article:publisher\" content=\"https:\/\/www.facebook.com\/ascbggaf\" \/>\n<meta property=\"article:modified_time\" content=\"2025-06-05T10:32:55+00:00\" \/>\n<meta name=\"twitter:card\" content=\"summary_large_image\" \/>\n<meta name=\"twitter:label1\" content=\"Dur\u00e9e de lecture estim\u00e9e\" \/>\n\t<meta name=\"twitter:data1\" content=\"2 minutes\" \/>\n<script type=\"application\/ld+json\" class=\"yoast-schema-graph\">{\"@context\":\"https:\\\/\\\/schema.org\",\"@graph\":[{\"@type\":\"WebPage\",\"@id\":\"https:\\\/\\\/www.ascbg.fr\\\/gaf\\\/yoga-vinyasa\\\/\",\"url\":\"https:\\\/\\\/www.ascbg.fr\\\/gaf\\\/yoga-vinyasa\\\/\",\"name\":\"YOGA VINYASA - Gymnastique F\u00e9minine\",\"isPartOf\":{\"@id\":\"https:\\\/\\\/www.ascbg.fr\\\/gaf\\\/#website\"},\"datePublished\":\"2019-05-29T13:35:29+00:00\",\"dateModified\":\"2025-06-05T10:32:55+00:00\",\"breadcrumb\":{\"@id\":\"https:\\\/\\\/www.ascbg.fr\\\/gaf\\\/yoga-vinyasa\\\/#breadcrumb\"},\"inLanguage\":\"fr-FR\",\"potentialAction\":[{\"@type\":\"ReadAction\",\"target\":[\"https:\\\/\\\/www.ascbg.fr\\\/gaf\\\/yoga-vinyasa\\\/\"]}]},{\"@type\":\"BreadcrumbList\",\"@id\":\"https:\\\/\\\/www.ascbg.fr\\\/gaf\\\/yoga-vinyasa\\\/#breadcrumb\",\"itemListElement\":[{\"@type\":\"ListItem\",\"position\":1,\"name\":\"Accueil\",\"item\":\"https:\\\/\\\/www.ascbg.fr\\\/gaf\\\/\"},{\"@type\":\"ListItem\",\"position\":2,\"name\":\"YOGA VINYASA\"}]},{\"@type\":\"WebSite\",\"@id\":\"https:\\\/\\\/www.ascbg.fr\\\/gaf\\\/#website\",\"url\":\"https:\\\/\\\/www.ascbg.fr\\\/gaf\\\/\",\"name\":\"ASC Bonne Garde Activit\u00e9s Physiques F\u00e9minines\",\"description\":\"Vous souhaitez pratiquer une activit\u00e9 physique Gymnique ou Dans\u00e9e, venez \u00e0 l&#039;ASC Bonne Garde\",\"publisher\":{\"@id\":\"https:\\\/\\\/www.ascbg.fr\\\/gaf\\\/#organization\"},\"potentialAction\":[{\"@type\":\"SearchAction\",\"target\":{\"@type\":\"EntryPoint\",\"urlTemplate\":\"https:\\\/\\\/www.ascbg.fr\\\/gaf\\\/?s={search_term_string}\"},\"query-input\":{\"@type\":\"PropertyValueSpecification\",\"valueRequired\":true,\"valueName\":\"search_term_string\"}}],\"inLanguage\":\"fr-FR\"},{\"@type\":\"Organization\",\"@id\":\"https:\\\/\\\/www.ascbg.fr\\\/gaf\\\/#organization\",\"name\":\"ASC Bonne Garde Gymnastique F\u00e9minine\",\"url\":\"https:\\\/\\\/www.ascbg.fr\\\/gaf\\\/\",\"logo\":{\"@type\":\"ImageObject\",\"inLanguage\":\"fr-FR\",\"@id\":\"https:\\\/\\\/www.ascbg.fr\\\/gaf\\\/#\\\/schema\\\/logo\\\/image\\\/\",\"url\":\"https:\\\/\\\/www.ascbg.fr\\\/gaf\\\/wp-content\\\/uploads\\\/sites\\\/4\\\/2023\\\/11\\\/cropped-Favicon.png\",\"contentUrl\":\"https:\\\/\\\/www.ascbg.fr\\\/gaf\\\/wp-content\\\/uploads\\\/sites\\\/4\\\/2023\\\/11\\\/cropped-Favicon.png\",\"width\":500,\"height\":500,\"caption\":\"ASC Bonne Garde Gymnastique F\u00e9minine\"},\"image\":{\"@id\":\"https:\\\/\\\/www.ascbg.fr\\\/gaf\\\/#\\\/schema\\\/logo\\\/image\\\/\"},\"sameAs\":[\"https:\\\/\\\/www.facebook.com\\\/ascbggaf\",\"https:\\\/\\\/www.instagram.com\\\/ascbggaf\\\/\"]}]}<\/script>\n<!-- \/ Yoast SEO plugin. -->","yoast_head_json":{"title":"YOGA VINYASA - Gymnastique F\u00e9minine","robots":{"index":"index","follow":"follow","max-snippet":"max-snippet:-1","max-image-preview":"max-image-preview:large","max-video-preview":"max-video-preview:-1"},"canonical":"https:\/\/www.ascbg.fr\/gaf\/yoga-vinyasa\/","og_locale":"fr_FR","og_type":"article","og_title":"YOGA VINYASA - Gymnastique F\u00e9minine","og_description":"RESPIREZ, \u00c9TIREZ, VIVEZ S&rsquo;inscrire \u00e0 l&rsquo;activit\u00e9 Yoga Vinyasa Cr\u00e9neaux Yoga Vinyasa A Bonne Garde on aime le mouvement ! Alors c&rsquo;est le Yoga Vinyasa que nous vous proposons. Pas de positions statiques en faisant des postures bizarres. Non, ici, on bouge, on respire, et on renforce ses muscles profonds, tout en gardant une d\u00e9contraction zen. Imaginez des s\u00e9quences de mouvements fluides, o\u00f9 vous passez du sol \u00e0 la position du chien t\u00eate en bas sans pause caf\u00e9 entre les deux. C&rsquo;est comme une chor\u00e9graphie pour votre corps, mais en respirant calmement. Le Vinyasa devient un mix de yoga, de fitness et de m\u00e9ditation. S\u00e9verine vous guidera \u00e0 travers sa p\u00e9dagogie sur des encha\u00eenements qui vous feront sentir bien sans fragiliser votre dos. Les cours sont ouverts \u00e0 tous, du d\u00e9butant au pro du tapis. Pas besoin d&rsquo;\u00eatre souple, l&rsquo;important, c&rsquo;est de bouger en harmonie avec votre respiration. Des petits groupes&hellip;  Lire la suite","og_url":"https:\/\/www.ascbg.fr\/gaf\/yoga-vinyasa\/","og_site_name":"Gymnastique F\u00e9minine","article_publisher":"https:\/\/www.facebook.com\/ascbggaf","article_modified_time":"2025-06-05T10:32:55+00:00","twitter_card":"summary_large_image","twitter_misc":{"Dur\u00e9e de lecture estim\u00e9e":"2 minutes"},"schema":{"@context":"https:\/\/schema.org","@graph":[{"@type":"WebPage","@id":"https:\/\/www.ascbg.fr\/gaf\/yoga-vinyasa\/","url":"https:\/\/www.ascbg.fr\/gaf\/yoga-vinyasa\/","name":"YOGA VINYASA - Gymnastique F\u00e9minine","isPartOf":{"@id":"https:\/\/www.ascbg.fr\/gaf\/#website"},"datePublished":"2019-05-29T13:35:29+00:00","dateModified":"2025-06-05T10:32:55+00:00","breadcrumb":{"@id":"https:\/\/www.ascbg.fr\/gaf\/yoga-vinyasa\/#breadcrumb"},"inLanguage":"fr-FR","potentialAction":[{"@type":"ReadAction","target":["https:\/\/www.ascbg.fr\/gaf\/yoga-vinyasa\/"]}]},{"@type":"BreadcrumbList","@id":"https:\/\/www.ascbg.fr\/gaf\/yoga-vinyasa\/#breadcrumb","itemListElement":[{"@type":"ListItem","position":1,"name":"Accueil","item":"https:\/\/www.ascbg.fr\/gaf\/"},{"@type":"ListItem","position":2,"name":"YOGA VINYASA"}]},{"@type":"WebSite","@id":"https:\/\/www.ascbg.fr\/gaf\/#website","url":"https:\/\/www.ascbg.fr\/gaf\/","name":"ASC Bonne Garde Activit\u00e9s Physiques F\u00e9minines","description":"Vous souhaitez pratiquer une activit\u00e9 physique Gymnique ou Dans\u00e9e, venez \u00e0 l&#039;ASC Bonne Garde","publisher":{"@id":"https:\/\/www.ascbg.fr\/gaf\/#organization"},"potentialAction":[{"@type":"SearchAction","target":{"@type":"EntryPoint","urlTemplate":"https:\/\/www.ascbg.fr\/gaf\/?s={search_term_string}"},"query-input":{"@type":"PropertyValueSpecification","valueRequired":true,"valueName":"search_term_string"}}],"inLanguage":"fr-FR"},{"@type":"Organization","@id":"https:\/\/www.ascbg.fr\/gaf\/#organization","name":"ASC Bonne Garde Gymnastique F\u00e9minine","url":"https:\/\/www.ascbg.fr\/gaf\/","logo":{"@type":"ImageObject","inLanguage":"fr-FR","@id":"https:\/\/www.ascbg.fr\/gaf\/#\/schema\/logo\/image\/","url":"https:\/\/www.ascbg.fr\/gaf\/wp-content\/uploads\/sites\/4\/2023\/11\/cropped-Favicon.png","contentUrl":"https:\/\/www.ascbg.fr\/gaf\/wp-content\/uploads\/sites\/4\/2023\/11\/cropped-Favicon.png","width":500,"height":500,"caption":"ASC Bonne Garde Gymnastique F\u00e9minine"},"image":{"@id":"https:\/\/www.ascbg.fr\/gaf\/#\/schema\/logo\/image\/"},"sameAs":["https:\/\/www.facebook.com\/ascbggaf","https:\/\/www.instagram.com\/ascbggaf\/"]}]}},"_links":{"self":[{"href":"https:\/\/www.ascbg.fr\/gaf\/wp-json\/wp\/v2\/pages\/1365","targetHints":{"allow":["GET"]}}],"collection":[{"href":"https:\/\/www.ascbg.fr\/gaf\/wp-json\/wp\/v2\/pages"}],"about":[{"href":"https:\/\/www.ascbg.fr\/gaf\/wp-json\/wp\/v2\/types\/page"}],"author":[{"embeddable":true,"href":"https:\/\/www.ascbg.fr\/gaf\/wp-json\/wp\/v2\/users\/3"}],"replies":[{"embeddable":true,"href":"https:\/\/www.ascbg.fr\/gaf\/wp-json\/wp\/v2\/comments?post=1365"}],"version-history":[{"count":74,"href":"https:\/\/www.ascbg.fr\/gaf\/wp-json\/wp\/v2\/pages\/1365\/revisions"}],"predecessor-version":[{"id":7134,"href":"https:\/\/www.ascbg.fr\/gaf\/wp-json\/wp\/v2\/pages\/1365\/revisions\/7134"}],"wp:attachment":[{"href":"https:\/\/www.ascbg.fr\/gaf\/wp-json\/wp\/v2\/media?parent=1365"}],"curies":[{"name":"wp","href":"https:\/\/api.w.org\/{rel}","templated":true}]}}