{"id":2205,"date":"2022-03-13T18:33:22","date_gmt":"2022-03-13T17:33:22","guid":{"rendered":"https:\/\/www.ascbggaf.org\/?page_id=2205"},"modified":"2025-06-05T06:06:42","modified_gmt":"2025-06-05T04:06:42","slug":"fitness","status":"publish","type":"page","link":"https:\/\/www.ascbg.fr\/gaf\/fitness\/","title":{"rendered":"FITNESS"},"content":{"rendered":"\t\t<div data-elementor-type=\"wp-page\" data-elementor-id=\"2205\" class=\"elementor elementor-2205\">\n\t\t\t\t\t\t<section class=\"elementor-section elementor-top-section elementor-element elementor-element-5f99a5a elementor-section-content-middle elementor-section-stretched elementor-section-boxed elementor-section-height-default elementor-section-height-default\" data-id=\"5f99a5a\" data-element_type=\"section\" data-e-type=\"section\" data-settings=\"{&quot;background_background&quot;:&quot;classic&quot;,&quot;stretch_section&quot;:&quot;section-stretched&quot;}\">\n\t\t\t\t\t\t<div class=\"elementor-container elementor-column-gap-default\">\n\t\t\t\t\t<div class=\"elementor-column elementor-col-100 elementor-top-column elementor-element elementor-element-7cd2d9\" data-id=\"7cd2d9\" data-element_type=\"column\" data-e-type=\"column\">\n\t\t\t<div class=\"elementor-widget-wrap elementor-element-populated\">\n\t\t\t\t\t\t<div class=\"elementor-element elementor-element-588a2fd1 elementor-widget elementor-widget-heading\" data-id=\"588a2fd1\" data-element_type=\"widget\" data-e-type=\"widget\" data-widget_type=\"heading.default\">\n\t\t\t\t<div class=\"elementor-widget-container\">\n\t\t\t\t\t<h2 class=\"elementor-heading-title elementor-size-default\">La vibe fitness !<\/h2>\t\t\t\t<\/div>\n\t\t\t\t<\/div>\n\t\t\t\t<div class=\"elementor-element elementor-element-4953a80f elementor-widget elementor-widget-text-editor\" data-id=\"4953a80f\" data-element_type=\"widget\" data-e-type=\"widget\" data-widget_type=\"text-editor.default\">\n\t\t\t\t<div class=\"elementor-widget-container\">\n\t\t\t\t\t\t\t\t\t<div id=\"m_5143282258607965251AppleMailSignature\" dir=\"ltr\">Nos activit\u00e9s fitness \u00e0 Bonne Garde conjuguent plaisir et sant\u00e9. Nos coachs vous pr\u00e9parent des cours dynamiques et vari\u00e9s. L&rsquo;ambiance cr\u00e9\u00e9e est bienveillante et motivante pour que chacun puisse cr\u00e9er sa s\u00e9ance fitness pr\u00e9f\u00e9r\u00e9e.<br \/>Relevez le d\u00e9fi et venez vibrer avec nous !<\/div>\t\t\t\t\t\t\t\t<\/div>\n\t\t\t\t<\/div>\n\t\t\t\t<div class=\"elementor-element elementor-element-615ec85e elementor-widget elementor-widget-text-editor\" data-id=\"615ec85e\" data-element_type=\"widget\" data-e-type=\"widget\" data-widget_type=\"text-editor.default\">\n\t\t\t\t<div class=\"elementor-widget-container\">\n\t\t\t\t\t\t\t\t\t<p><span style=\"color: #9a1034;font-size: 64px;font-weight: 600\">LES ACTIVIT<\/span><span style=\"color: #9a1034\"><span style=\"font-size: 64px\"><b>\u00c9<\/b><\/span><\/span><span style=\"color: #9a1034;font-size: 64px;font-weight: 600;font-family: var( --e-global-typography-secondary-font-family ), Sans-serif\">S<\/span><\/p>\t\t\t\t\t\t\t\t<\/div>\n\t\t\t\t<\/div>\n\t\t\t\t\t<\/div>\n\t\t<\/div>\n\t\t\t\t\t<\/div>\n\t\t<\/section>\n\t\t<div class=\"elementor-element elementor-element-f4f741c e-flex e-con-boxed e-con e-parent\" data-id=\"f4f741c\" data-element_type=\"container\" data-e-type=\"container\">\n\t\t\t\t\t<div class=\"e-con-inner\">\n\t\t\t\t<div class=\"elementor-element elementor-element-bffc8bc elementor-widget elementor-widget-text-editor\" data-id=\"bffc8bc\" data-element_type=\"widget\" data-e-type=\"widget\" data-widget_type=\"text-editor.default\">\n\t\t\t\t<div class=\"elementor-widget-container\">\n\t\t\t\t\t\t\t\t\t<div class=\"wp-block-column ext-mt-0 ext-mb-base is-layout-flow wp-block-column-is-layout-flow\"><h2 id=\"our-team\" class=\"wp-block-heading ext-mt-0 ext-mb-base has-ext-large-font-size\">Renforcement (Musculaire)<\/h2><p>\u00a0Tonification de l\u2019ensemble des groupes musculaires du corps en utilisant du petit mat\u00e9riel (halt\u00e8res, b\u00e2tons)<\/p><\/div><h2 id=\"our-team\" class=\"wp-block-heading ext-mt-0 ext-mb-base has-ext-large-font-size\">Step<\/h2><p>Cours cardio chor\u00e9graphique avec une petite marche (step) travail de coordination et d\u2019endurance<\/p><div class=\"wp-block-column ext-mt-0 ext-mb-base is-layout-flow wp-block-column-is-layout-flow\"><h2 id=\"our-team\" class=\"wp-block-heading ext-mt-0 ext-mb-base has-ext-large-font-size\">Streching<\/h2><p>Dans un environnement musical doux .. \u00c9tirements permettant de s\u2019assouplir et se d\u00e9tendre<\/p><div class=\"wp-block-column ext-mt-0 ext-mb-base is-layout-flow wp-block-column-is-layout-flow\"><h2 id=\"our-team\" class=\"wp-block-heading ext-mt-0 ext-mb-base has-ext-large-font-size\">Cross Training<\/h2><div class=\"wp-block-column ext-mt-0 ext-mb-base is-layout-flow wp-block-column-is-layout-flow\"><h2 id=\"our-team\" class=\"wp-block-heading ext-mt-0 ext-mb-base has-ext-large-font-size\">A\u00e9ro dance<\/h2><div class=\"wp-block-column ext-mt-0 ext-mb-base is-layout-flow wp-block-column-is-layout-flow\"><h2 id=\"our-team\" class=\"wp-block-heading ext-mt-0 ext-mb-base has-ext-large-font-size\">Fitlates<\/h2><\/div><p>\u00a0<\/p><\/div><\/div><\/div>\t\t\t\t\t\t\t\t<\/div>\n\t\t\t\t<\/div>\n\t\t\t\t\t<\/div>\n\t\t\t\t<\/div>\n\t\t\t\t<section class=\"elementor-section elementor-top-section elementor-element elementor-element-5be3af64 elementor-section-content-middle elementor-section-stretched elementor-section-boxed elementor-section-height-default elementor-section-height-default\" data-id=\"5be3af64\" data-element_type=\"section\" data-e-type=\"section\" data-settings=\"{&quot;background_background&quot;:&quot;classic&quot;,&quot;stretch_section&quot;:&quot;section-stretched&quot;}\">\n\t\t\t\t\t\t<div class=\"elementor-container elementor-column-gap-default\">\n\t\t\t\t\t<div class=\"elementor-column elementor-col-50 elementor-top-column elementor-element elementor-element-14d7aadd\" data-id=\"14d7aadd\" data-element_type=\"column\" data-e-type=\"column\">\n\t\t\t<div class=\"elementor-widget-wrap elementor-element-populated\">\n\t\t\t\t\t\t<div class=\"elementor-element elementor-element-2e6a131 elementor-widget elementor-widget-heading\" data-id=\"2e6a131\" data-element_type=\"widget\" data-e-type=\"widget\" data-widget_type=\"heading.default\">\n\t\t\t\t<div class=\"elementor-widget-container\">\n\t\t\t\t\t<h3 class=\"elementor-heading-title elementor-size-default\">L'INSCRIPTION OUVRE L\u2019ACC\u00c8S \u00c0 TOUS LES COURS  !!<\/h3>\t\t\t\t<\/div>\n\t\t\t\t<\/div>\n\t\t\t\t<div class=\"elementor-element elementor-element-3f3353b9 elementor-tablet-align-center elementor-align-left elementor-widget__width-initial elementor-widget elementor-widget-button\" data-id=\"3f3353b9\" data-element_type=\"widget\" data-e-type=\"widget\" data-widget_type=\"button.default\">\n\t\t\t\t<div class=\"elementor-widget-container\">\n\t\t\t\t\t\t\t\t\t<div class=\"elementor-button-wrapper\">\n\t\t\t\t\t<a class=\"elementor-button elementor-button-link elementor-size-md\" href=\"https:\/\/ascbg.monclub.app\/app\/6626cbe4acd755b6eba5e918\">\n\t\t\t\t\t\t<span class=\"elementor-button-content-wrapper\">\n\t\t\t\t\t\t\t\t\t<span class=\"elementor-button-text\">S'inscrire \u00e0 l'activit\u00e9 Fitness<\/span>\n\t\t\t\t\t<\/span>\n\t\t\t\t\t<\/a>\n\t\t\t\t<\/div>\n\t\t\t\t\t\t\t\t<\/div>\n\t\t\t\t<\/div>\n\t\t\t\t<div class=\"elementor-element elementor-element-4404597 elementor-tablet-align-center elementor-align-left elementor-widget__width-initial elementor-widget elementor-widget-button\" data-id=\"4404597\" data-element_type=\"widget\" data-e-type=\"widget\" data-widget_type=\"button.default\">\n\t\t\t\t<div class=\"elementor-widget-container\">\n\t\t\t\t\t\t\t\t\t<div class=\"elementor-button-wrapper\">\n\t\t\t\t\t<a class=\"elementor-button elementor-button-link elementor-size-md\" href=\"https:\/\/www.ascbg.fr\/gaf\/fitness-creneaux\/\">\n\t\t\t\t\t\t<span class=\"elementor-button-content-wrapper\">\n\t\t\t\t\t\t\t\t\t<span class=\"elementor-button-text\">Cr\u00e9neaux<\/span>\n\t\t\t\t\t<\/span>\n\t\t\t\t\t<\/a>\n\t\t\t\t<\/div>\n\t\t\t\t\t\t\t\t<\/div>\n\t\t\t\t<\/div>\n\t\t\t\t\t<\/div>\n\t\t<\/div>\n\t\t\t\t<div class=\"elementor-column elementor-col-50 elementor-top-column elementor-element elementor-element-4d49d1aa\" data-id=\"4d49d1aa\" data-element_type=\"column\" data-e-type=\"column\" data-settings=\"{&quot;background_background&quot;:&quot;classic&quot;}\">\n\t\t\t<div class=\"elementor-widget-wrap elementor-element-populated\">\n\t\t\t\t\t\t<div class=\"elementor-element elementor-element-fa86db0 elementor-widget elementor-widget-spacer\" data-id=\"fa86db0\" data-element_type=\"widget\" data-e-type=\"widget\" data-widget_type=\"spacer.default\">\n\t\t\t\t<div class=\"elementor-widget-container\">\n\t\t\t\t\t\t\t<div class=\"elementor-spacer\">\n\t\t\t<div class=\"elementor-spacer-inner\"><\/div>\n\t\t<\/div>\n\t\t\t\t\t\t<\/div>\n\t\t\t\t<\/div>\n\t\t\t\t\t<\/div>\n\t\t<\/div>\n\t\t\t\t\t<\/div>\n\t\t<\/section>\n\t\t\t\t<\/div>\n\t\t","protected":false},"excerpt":{"rendered":"<p>La vibe fitness ! Nos activit\u00e9s fitness \u00e0 Bonne Garde conjuguent plaisir et sant\u00e9. Nos coachs vous pr\u00e9parent des cours dynamiques et vari\u00e9s. L&rsquo;ambiance cr\u00e9\u00e9e est bienveillante et motivante pour que chacun puisse cr\u00e9er sa s\u00e9ance fitness pr\u00e9f\u00e9r\u00e9e.Relevez le d\u00e9fi et venez vibrer avec nous ! LES ACTIVIT\u00c9S Renforcement (Musculaire) \u00a0Tonification de l\u2019ensemble des groupes musculaires du corps en utilisant du petit mat\u00e9riel (halt\u00e8res, b\u00e2tons) Step Cours cardio chor\u00e9graphique avec une petite marche (step) travail de coordination et d\u2019endurance Streching Dans un environnement musical doux .. \u00c9tirements permettant de s\u2019assouplir et se d\u00e9tendre Cross Training A\u00e9ro dance Fitlates \u00a0 L&rsquo;INSCRIPTION OUVRE L\u2019ACC\u00c8S \u00c0 TOUS LES COURS !! S&rsquo;inscrire \u00e0 l&rsquo;activit\u00e9 Fitness Cr\u00e9neaux<\/p>\n","protected":false},"author":3,"featured_media":0,"parent":0,"menu_order":-4,"comment_status":"closed","ping_status":"closed","template":"elementor_header_footer","meta":{"footnotes":""},"class_list":["post-2205","page","type-page","status-publish"],"yoast_head":"<!-- This site is optimized with the Yoast SEO plugin v27.4 - https:\/\/yoast.com\/product\/yoast-seo-wordpress\/ -->\n<title>FITNESS - Gymnastique F\u00e9minine<\/title>\n<meta name=\"robots\" content=\"index, follow, max-snippet:-1, max-image-preview:large, max-video-preview:-1\" \/>\n<link rel=\"canonical\" href=\"https:\/\/www.ascbg.fr\/gaf\/fitness\/\" \/>\n<meta property=\"og:locale\" content=\"fr_FR\" \/>\n<meta property=\"og:type\" content=\"article\" \/>\n<meta property=\"og:title\" content=\"FITNESS - Gymnastique F\u00e9minine\" \/>\n<meta property=\"og:description\" content=\"La vibe fitness ! Nos activit\u00e9s fitness \u00e0 Bonne Garde conjuguent plaisir et sant\u00e9. Nos coachs vous pr\u00e9parent des cours dynamiques et vari\u00e9s. L&rsquo;ambiance cr\u00e9\u00e9e est bienveillante et motivante pour que chacun puisse cr\u00e9er sa s\u00e9ance fitness pr\u00e9f\u00e9r\u00e9e.Relevez le d\u00e9fi et venez vibrer avec nous ! LES ACTIVIT\u00c9S Renforcement (Musculaire) \u00a0Tonification de l\u2019ensemble des groupes musculaires du corps en utilisant du petit mat\u00e9riel (halt\u00e8res, b\u00e2tons) Step Cours cardio chor\u00e9graphique avec une petite marche (step) travail de coordination et d\u2019endurance Streching Dans un environnement musical doux .. \u00c9tirements permettant de s\u2019assouplir et se d\u00e9tendre Cross Training A\u00e9ro dance Fitlates \u00a0 L&rsquo;INSCRIPTION OUVRE L\u2019ACC\u00c8S \u00c0 TOUS LES COURS !! S&rsquo;inscrire \u00e0 l&rsquo;activit\u00e9 Fitness Cr\u00e9neaux\" \/>\n<meta property=\"og:url\" content=\"https:\/\/www.ascbg.fr\/gaf\/fitness\/\" \/>\n<meta property=\"og:site_name\" content=\"Gymnastique F\u00e9minine\" \/>\n<meta property=\"article:publisher\" content=\"https:\/\/www.facebook.com\/ascbggaf\" \/>\n<meta property=\"article:modified_time\" content=\"2025-06-05T04:06:42+00:00\" \/>\n<meta name=\"twitter:card\" content=\"summary_large_image\" \/>\n<meta name=\"twitter:label1\" content=\"Dur\u00e9e de lecture estim\u00e9e\" \/>\n\t<meta name=\"twitter:data1\" content=\"2 minutes\" \/>\n<script type=\"application\/ld+json\" class=\"yoast-schema-graph\">{\"@context\":\"https:\\\/\\\/schema.org\",\"@graph\":[{\"@type\":\"WebPage\",\"@id\":\"https:\\\/\\\/www.ascbg.fr\\\/gaf\\\/fitness\\\/\",\"url\":\"https:\\\/\\\/www.ascbg.fr\\\/gaf\\\/fitness\\\/\",\"name\":\"FITNESS - Gymnastique F\u00e9minine\",\"isPartOf\":{\"@id\":\"https:\\\/\\\/www.ascbg.fr\\\/gaf\\\/#website\"},\"datePublished\":\"2022-03-13T17:33:22+00:00\",\"dateModified\":\"2025-06-05T04:06:42+00:00\",\"breadcrumb\":{\"@id\":\"https:\\\/\\\/www.ascbg.fr\\\/gaf\\\/fitness\\\/#breadcrumb\"},\"inLanguage\":\"fr-FR\",\"potentialAction\":[{\"@type\":\"ReadAction\",\"target\":[\"https:\\\/\\\/www.ascbg.fr\\\/gaf\\\/fitness\\\/\"]}]},{\"@type\":\"BreadcrumbList\",\"@id\":\"https:\\\/\\\/www.ascbg.fr\\\/gaf\\\/fitness\\\/#breadcrumb\",\"itemListElement\":[{\"@type\":\"ListItem\",\"position\":1,\"name\":\"Accueil\",\"item\":\"https:\\\/\\\/www.ascbg.fr\\\/gaf\\\/\"},{\"@type\":\"ListItem\",\"position\":2,\"name\":\"FITNESS\"}]},{\"@type\":\"WebSite\",\"@id\":\"https:\\\/\\\/www.ascbg.fr\\\/gaf\\\/#website\",\"url\":\"https:\\\/\\\/www.ascbg.fr\\\/gaf\\\/\",\"name\":\"ASC Bonne Garde Activit\u00e9s Physiques F\u00e9minines\",\"description\":\"Vous souhaitez pratiquer une activit\u00e9 physique Gymnique ou Dans\u00e9e, venez \u00e0 l&#039;ASC Bonne Garde\",\"publisher\":{\"@id\":\"https:\\\/\\\/www.ascbg.fr\\\/gaf\\\/#organization\"},\"potentialAction\":[{\"@type\":\"SearchAction\",\"target\":{\"@type\":\"EntryPoint\",\"urlTemplate\":\"https:\\\/\\\/www.ascbg.fr\\\/gaf\\\/?s={search_term_string}\"},\"query-input\":{\"@type\":\"PropertyValueSpecification\",\"valueRequired\":true,\"valueName\":\"search_term_string\"}}],\"inLanguage\":\"fr-FR\"},{\"@type\":\"Organization\",\"@id\":\"https:\\\/\\\/www.ascbg.fr\\\/gaf\\\/#organization\",\"name\":\"ASC Bonne Garde Gymnastique F\u00e9minine\",\"url\":\"https:\\\/\\\/www.ascbg.fr\\\/gaf\\\/\",\"logo\":{\"@type\":\"ImageObject\",\"inLanguage\":\"fr-FR\",\"@id\":\"https:\\\/\\\/www.ascbg.fr\\\/gaf\\\/#\\\/schema\\\/logo\\\/image\\\/\",\"url\":\"https:\\\/\\\/www.ascbg.fr\\\/gaf\\\/wp-content\\\/uploads\\\/sites\\\/4\\\/2023\\\/11\\\/cropped-Favicon.png\",\"contentUrl\":\"https:\\\/\\\/www.ascbg.fr\\\/gaf\\\/wp-content\\\/uploads\\\/sites\\\/4\\\/2023\\\/11\\\/cropped-Favicon.png\",\"width\":500,\"height\":500,\"caption\":\"ASC Bonne Garde Gymnastique F\u00e9minine\"},\"image\":{\"@id\":\"https:\\\/\\\/www.ascbg.fr\\\/gaf\\\/#\\\/schema\\\/logo\\\/image\\\/\"},\"sameAs\":[\"https:\\\/\\\/www.facebook.com\\\/ascbggaf\",\"https:\\\/\\\/www.instagram.com\\\/ascbggaf\\\/\"]}]}<\/script>\n<!-- \/ Yoast SEO plugin. -->","yoast_head_json":{"title":"FITNESS - Gymnastique F\u00e9minine","robots":{"index":"index","follow":"follow","max-snippet":"max-snippet:-1","max-image-preview":"max-image-preview:large","max-video-preview":"max-video-preview:-1"},"canonical":"https:\/\/www.ascbg.fr\/gaf\/fitness\/","og_locale":"fr_FR","og_type":"article","og_title":"FITNESS - Gymnastique F\u00e9minine","og_description":"La vibe fitness ! Nos activit\u00e9s fitness \u00e0 Bonne Garde conjuguent plaisir et sant\u00e9. Nos coachs vous pr\u00e9parent des cours dynamiques et vari\u00e9s. L&rsquo;ambiance cr\u00e9\u00e9e est bienveillante et motivante pour que chacun puisse cr\u00e9er sa s\u00e9ance fitness pr\u00e9f\u00e9r\u00e9e.Relevez le d\u00e9fi et venez vibrer avec nous ! LES ACTIVIT\u00c9S Renforcement (Musculaire) \u00a0Tonification de l\u2019ensemble des groupes musculaires du corps en utilisant du petit mat\u00e9riel (halt\u00e8res, b\u00e2tons) Step Cours cardio chor\u00e9graphique avec une petite marche (step) travail de coordination et d\u2019endurance Streching Dans un environnement musical doux .. \u00c9tirements permettant de s\u2019assouplir et se d\u00e9tendre Cross Training A\u00e9ro dance Fitlates \u00a0 L&rsquo;INSCRIPTION OUVRE L\u2019ACC\u00c8S \u00c0 TOUS LES COURS !! S&rsquo;inscrire \u00e0 l&rsquo;activit\u00e9 Fitness Cr\u00e9neaux","og_url":"https:\/\/www.ascbg.fr\/gaf\/fitness\/","og_site_name":"Gymnastique F\u00e9minine","article_publisher":"https:\/\/www.facebook.com\/ascbggaf","article_modified_time":"2025-06-05T04:06:42+00:00","twitter_card":"summary_large_image","twitter_misc":{"Dur\u00e9e de lecture estim\u00e9e":"2 minutes"},"schema":{"@context":"https:\/\/schema.org","@graph":[{"@type":"WebPage","@id":"https:\/\/www.ascbg.fr\/gaf\/fitness\/","url":"https:\/\/www.ascbg.fr\/gaf\/fitness\/","name":"FITNESS - Gymnastique F\u00e9minine","isPartOf":{"@id":"https:\/\/www.ascbg.fr\/gaf\/#website"},"datePublished":"2022-03-13T17:33:22+00:00","dateModified":"2025-06-05T04:06:42+00:00","breadcrumb":{"@id":"https:\/\/www.ascbg.fr\/gaf\/fitness\/#breadcrumb"},"inLanguage":"fr-FR","potentialAction":[{"@type":"ReadAction","target":["https:\/\/www.ascbg.fr\/gaf\/fitness\/"]}]},{"@type":"BreadcrumbList","@id":"https:\/\/www.ascbg.fr\/gaf\/fitness\/#breadcrumb","itemListElement":[{"@type":"ListItem","position":1,"name":"Accueil","item":"https:\/\/www.ascbg.fr\/gaf\/"},{"@type":"ListItem","position":2,"name":"FITNESS"}]},{"@type":"WebSite","@id":"https:\/\/www.ascbg.fr\/gaf\/#website","url":"https:\/\/www.ascbg.fr\/gaf\/","name":"ASC Bonne Garde Activit\u00e9s Physiques F\u00e9minines","description":"Vous souhaitez pratiquer une activit\u00e9 physique Gymnique ou Dans\u00e9e, venez \u00e0 l&#039;ASC Bonne Garde","publisher":{"@id":"https:\/\/www.ascbg.fr\/gaf\/#organization"},"potentialAction":[{"@type":"SearchAction","target":{"@type":"EntryPoint","urlTemplate":"https:\/\/www.ascbg.fr\/gaf\/?s={search_term_string}"},"query-input":{"@type":"PropertyValueSpecification","valueRequired":true,"valueName":"search_term_string"}}],"inLanguage":"fr-FR"},{"@type":"Organization","@id":"https:\/\/www.ascbg.fr\/gaf\/#organization","name":"ASC Bonne Garde Gymnastique F\u00e9minine","url":"https:\/\/www.ascbg.fr\/gaf\/","logo":{"@type":"ImageObject","inLanguage":"fr-FR","@id":"https:\/\/www.ascbg.fr\/gaf\/#\/schema\/logo\/image\/","url":"https:\/\/www.ascbg.fr\/gaf\/wp-content\/uploads\/sites\/4\/2023\/11\/cropped-Favicon.png","contentUrl":"https:\/\/www.ascbg.fr\/gaf\/wp-content\/uploads\/sites\/4\/2023\/11\/cropped-Favicon.png","width":500,"height":500,"caption":"ASC Bonne Garde Gymnastique F\u00e9minine"},"image":{"@id":"https:\/\/www.ascbg.fr\/gaf\/#\/schema\/logo\/image\/"},"sameAs":["https:\/\/www.facebook.com\/ascbggaf","https:\/\/www.instagram.com\/ascbggaf\/"]}]}},"_links":{"self":[{"href":"https:\/\/www.ascbg.fr\/gaf\/wp-json\/wp\/v2\/pages\/2205","targetHints":{"allow":["GET"]}}],"collection":[{"href":"https:\/\/www.ascbg.fr\/gaf\/wp-json\/wp\/v2\/pages"}],"about":[{"href":"https:\/\/www.ascbg.fr\/gaf\/wp-json\/wp\/v2\/types\/page"}],"author":[{"embeddable":true,"href":"https:\/\/www.ascbg.fr\/gaf\/wp-json\/wp\/v2\/users\/3"}],"replies":[{"embeddable":true,"href":"https:\/\/www.ascbg.fr\/gaf\/wp-json\/wp\/v2\/comments?post=2205"}],"version-history":[{"count":145,"href":"https:\/\/www.ascbg.fr\/gaf\/wp-json\/wp\/v2\/pages\/2205\/revisions"}],"predecessor-version":[{"id":7069,"href":"https:\/\/www.ascbg.fr\/gaf\/wp-json\/wp\/v2\/pages\/2205\/revisions\/7069"}],"wp:attachment":[{"href":"https:\/\/www.ascbg.fr\/gaf\/wp-json\/wp\/v2\/media?parent=2205"}],"curies":[{"name":"wp","href":"https:\/\/api.w.org\/{rel}","templated":true}]}}