{"id":6908,"date":"2025-05-14T09:03:07","date_gmt":"2025-05-14T07:03:07","guid":{"rendered":"https:\/\/www.ascbg.fr\/gaf\/?page_id=6908"},"modified":"2025-05-14T11:42:21","modified_gmt":"2025-05-14T09:42:21","slug":"gym-forme-detente-creneaux","status":"publish","type":"page","link":"https:\/\/www.ascbg.fr\/gaf\/gym-forme-detente-creneaux\/","title":{"rendered":"Gym Forme D\u00e9tente-Cr\u00e9neaux"},"content":{"rendered":"\n<p><iframe src=\"https:\/\/docs.google.com\/spreadsheets\/d\/e\/2PACX-1vTFaMRBUSJsmFwEG-CWbJ7abw4huS3VXyeN7UsmZp5_uwxdZRAsVk-7PM-PXsR_0Wg3tU7V-ZUPxC8l\/pubhtml?gid=1292957782&amp;single=true&amp;widget=true&amp;headers=false&amp;chrome=false&amp;frameborder=1\" width=\"100%\" height=\"600\"><\/iframe><\/p>\n\n\n\n<p><\/p>\n","protected":false},"excerpt":{"rendered":"","protected":false},"author":3,"featured_media":0,"parent":0,"menu_order":0,"comment_status":"closed","ping_status":"closed","template":"","meta":{"footnotes":""},"class_list":["post-6908","page","type-page","status-publish"],"yoast_head":"<!-- This site is optimized with the Yoast SEO plugin v27.3 - https:\/\/yoast.com\/product\/yoast-seo-wordpress\/ -->\n<title>Gym Forme D\u00e9tente-Cr\u00e9neaux - Gymnastique F\u00e9minine<\/title>\n<meta name=\"robots\" content=\"index, follow, max-snippet:-1, max-image-preview:large, max-video-preview:-1\" \/>\n<link rel=\"canonical\" href=\"https:\/\/www.ascbg.fr\/gaf\/gym-forme-detente-creneaux\/\" \/>\n<meta property=\"og:locale\" content=\"fr_FR\" \/>\n<meta property=\"og:type\" content=\"article\" \/>\n<meta property=\"og:title\" content=\"Gym Forme D\u00e9tente-Cr\u00e9neaux - Gymnastique F\u00e9minine\" \/>\n<meta property=\"og:url\" content=\"https:\/\/www.ascbg.fr\/gaf\/gym-forme-detente-creneaux\/\" \/>\n<meta property=\"og:site_name\" content=\"Gymnastique F\u00e9minine\" \/>\n<meta property=\"article:publisher\" content=\"https:\/\/www.facebook.com\/ascbggaf\" \/>\n<meta property=\"article:modified_time\" content=\"2025-05-14T09:42:21+00:00\" \/>\n<meta name=\"twitter:card\" content=\"summary_large_image\" \/>\n<script type=\"application\/ld+json\" class=\"yoast-schema-graph\">{\"@context\":\"https:\\\/\\\/schema.org\",\"@graph\":[{\"@type\":\"WebPage\",\"@id\":\"https:\\\/\\\/www.ascbg.fr\\\/gaf\\\/gym-forme-detente-creneaux\\\/\",\"url\":\"https:\\\/\\\/www.ascbg.fr\\\/gaf\\\/gym-forme-detente-creneaux\\\/\",\"name\":\"Gym Forme D\u00e9tente-Cr\u00e9neaux - Gymnastique F\u00e9minine\",\"isPartOf\":{\"@id\":\"https:\\\/\\\/www.ascbg.fr\\\/gaf\\\/#website\"},\"datePublished\":\"2025-05-14T07:03:07+00:00\",\"dateModified\":\"2025-05-14T09:42:21+00:00\",\"breadcrumb\":{\"@id\":\"https:\\\/\\\/www.ascbg.fr\\\/gaf\\\/gym-forme-detente-creneaux\\\/#breadcrumb\"},\"inLanguage\":\"fr-FR\",\"potentialAction\":[{\"@type\":\"ReadAction\",\"target\":[\"https:\\\/\\\/www.ascbg.fr\\\/gaf\\\/gym-forme-detente-creneaux\\\/\"]}]},{\"@type\":\"BreadcrumbList\",\"@id\":\"https:\\\/\\\/www.ascbg.fr\\\/gaf\\\/gym-forme-detente-creneaux\\\/#breadcrumb\",\"itemListElement\":[{\"@type\":\"ListItem\",\"position\":1,\"name\":\"Accueil\",\"item\":\"https:\\\/\\\/www.ascbg.fr\\\/gaf\\\/\"},{\"@type\":\"ListItem\",\"position\":2,\"name\":\"Gym Forme D\u00e9tente-Cr\u00e9neaux\"}]},{\"@type\":\"WebSite\",\"@id\":\"https:\\\/\\\/www.ascbg.fr\\\/gaf\\\/#website\",\"url\":\"https:\\\/\\\/www.ascbg.fr\\\/gaf\\\/\",\"name\":\"ASC Bonne Garde Activit\u00e9s Physiques F\u00e9minines\",\"description\":\"Vous souhaitez pratiquer une activit\u00e9 physique Gymnique ou Dans\u00e9e, venez \u00e0 l&#039;ASC Bonne Garde\",\"publisher\":{\"@id\":\"https:\\\/\\\/www.ascbg.fr\\\/gaf\\\/#organization\"},\"potentialAction\":[{\"@type\":\"SearchAction\",\"target\":{\"@type\":\"EntryPoint\",\"urlTemplate\":\"https:\\\/\\\/www.ascbg.fr\\\/gaf\\\/?s={search_term_string}\"},\"query-input\":{\"@type\":\"PropertyValueSpecification\",\"valueRequired\":true,\"valueName\":\"search_term_string\"}}],\"inLanguage\":\"fr-FR\"},{\"@type\":\"Organization\",\"@id\":\"https:\\\/\\\/www.ascbg.fr\\\/gaf\\\/#organization\",\"name\":\"ASC Bonne Garde Gymnastique F\u00e9minine\",\"url\":\"https:\\\/\\\/www.ascbg.fr\\\/gaf\\\/\",\"logo\":{\"@type\":\"ImageObject\",\"inLanguage\":\"fr-FR\",\"@id\":\"https:\\\/\\\/www.ascbg.fr\\\/gaf\\\/#\\\/schema\\\/logo\\\/image\\\/\",\"url\":\"https:\\\/\\\/www.ascbg.fr\\\/gaf\\\/wp-content\\\/uploads\\\/sites\\\/4\\\/2023\\\/11\\\/cropped-Favicon.png\",\"contentUrl\":\"https:\\\/\\\/www.ascbg.fr\\\/gaf\\\/wp-content\\\/uploads\\\/sites\\\/4\\\/2023\\\/11\\\/cropped-Favicon.png\",\"width\":500,\"height\":500,\"caption\":\"ASC Bonne Garde Gymnastique F\u00e9minine\"},\"image\":{\"@id\":\"https:\\\/\\\/www.ascbg.fr\\\/gaf\\\/#\\\/schema\\\/logo\\\/image\\\/\"},\"sameAs\":[\"https:\\\/\\\/www.facebook.com\\\/ascbggaf\",\"https:\\\/\\\/www.instagram.com\\\/ascbggaf\\\/\"]}]}<\/script>\n<!-- \/ Yoast SEO plugin. -->","yoast_head_json":{"title":"Gym Forme D\u00e9tente-Cr\u00e9neaux - Gymnastique F\u00e9minine","robots":{"index":"index","follow":"follow","max-snippet":"max-snippet:-1","max-image-preview":"max-image-preview:large","max-video-preview":"max-video-preview:-1"},"canonical":"https:\/\/www.ascbg.fr\/gaf\/gym-forme-detente-creneaux\/","og_locale":"fr_FR","og_type":"article","og_title":"Gym Forme D\u00e9tente-Cr\u00e9neaux - Gymnastique F\u00e9minine","og_url":"https:\/\/www.ascbg.fr\/gaf\/gym-forme-detente-creneaux\/","og_site_name":"Gymnastique F\u00e9minine","article_publisher":"https:\/\/www.facebook.com\/ascbggaf","article_modified_time":"2025-05-14T09:42:21+00:00","twitter_card":"summary_large_image","schema":{"@context":"https:\/\/schema.org","@graph":[{"@type":"WebPage","@id":"https:\/\/www.ascbg.fr\/gaf\/gym-forme-detente-creneaux\/","url":"https:\/\/www.ascbg.fr\/gaf\/gym-forme-detente-creneaux\/","name":"Gym Forme D\u00e9tente-Cr\u00e9neaux - Gymnastique F\u00e9minine","isPartOf":{"@id":"https:\/\/www.ascbg.fr\/gaf\/#website"},"datePublished":"2025-05-14T07:03:07+00:00","dateModified":"2025-05-14T09:42:21+00:00","breadcrumb":{"@id":"https:\/\/www.ascbg.fr\/gaf\/gym-forme-detente-creneaux\/#breadcrumb"},"inLanguage":"fr-FR","potentialAction":[{"@type":"ReadAction","target":["https:\/\/www.ascbg.fr\/gaf\/gym-forme-detente-creneaux\/"]}]},{"@type":"BreadcrumbList","@id":"https:\/\/www.ascbg.fr\/gaf\/gym-forme-detente-creneaux\/#breadcrumb","itemListElement":[{"@type":"ListItem","position":1,"name":"Accueil","item":"https:\/\/www.ascbg.fr\/gaf\/"},{"@type":"ListItem","position":2,"name":"Gym Forme D\u00e9tente-Cr\u00e9neaux"}]},{"@type":"WebSite","@id":"https:\/\/www.ascbg.fr\/gaf\/#website","url":"https:\/\/www.ascbg.fr\/gaf\/","name":"ASC Bonne Garde Activit\u00e9s Physiques F\u00e9minines","description":"Vous souhaitez pratiquer une activit\u00e9 physique Gymnique ou Dans\u00e9e, venez \u00e0 l&#039;ASC Bonne Garde","publisher":{"@id":"https:\/\/www.ascbg.fr\/gaf\/#organization"},"potentialAction":[{"@type":"SearchAction","target":{"@type":"EntryPoint","urlTemplate":"https:\/\/www.ascbg.fr\/gaf\/?s={search_term_string}"},"query-input":{"@type":"PropertyValueSpecification","valueRequired":true,"valueName":"search_term_string"}}],"inLanguage":"fr-FR"},{"@type":"Organization","@id":"https:\/\/www.ascbg.fr\/gaf\/#organization","name":"ASC Bonne Garde Gymnastique F\u00e9minine","url":"https:\/\/www.ascbg.fr\/gaf\/","logo":{"@type":"ImageObject","inLanguage":"fr-FR","@id":"https:\/\/www.ascbg.fr\/gaf\/#\/schema\/logo\/image\/","url":"https:\/\/www.ascbg.fr\/gaf\/wp-content\/uploads\/sites\/4\/2023\/11\/cropped-Favicon.png","contentUrl":"https:\/\/www.ascbg.fr\/gaf\/wp-content\/uploads\/sites\/4\/2023\/11\/cropped-Favicon.png","width":500,"height":500,"caption":"ASC Bonne Garde Gymnastique F\u00e9minine"},"image":{"@id":"https:\/\/www.ascbg.fr\/gaf\/#\/schema\/logo\/image\/"},"sameAs":["https:\/\/www.facebook.com\/ascbggaf","https:\/\/www.instagram.com\/ascbggaf\/"]}]}},"_links":{"self":[{"href":"https:\/\/www.ascbg.fr\/gaf\/wp-json\/wp\/v2\/pages\/6908","targetHints":{"allow":["GET"]}}],"collection":[{"href":"https:\/\/www.ascbg.fr\/gaf\/wp-json\/wp\/v2\/pages"}],"about":[{"href":"https:\/\/www.ascbg.fr\/gaf\/wp-json\/wp\/v2\/types\/page"}],"author":[{"embeddable":true,"href":"https:\/\/www.ascbg.fr\/gaf\/wp-json\/wp\/v2\/users\/3"}],"replies":[{"embeddable":true,"href":"https:\/\/www.ascbg.fr\/gaf\/wp-json\/wp\/v2\/comments?post=6908"}],"version-history":[{"count":1,"href":"https:\/\/www.ascbg.fr\/gaf\/wp-json\/wp\/v2\/pages\/6908\/revisions"}],"predecessor-version":[{"id":6910,"href":"https:\/\/www.ascbg.fr\/gaf\/wp-json\/wp\/v2\/pages\/6908\/revisions\/6910"}],"wp:attachment":[{"href":"https:\/\/www.ascbg.fr\/gaf\/wp-json\/wp\/v2\/media?parent=6908"}],"curies":[{"name":"wp","href":"https:\/\/api.w.org\/{rel}","templated":true}]}}