{"id":7268,"date":"2026-04-29T18:27:29","date_gmt":"2026-04-29T16:27:29","guid":{"rendered":"https:\/\/www.ascbg.fr\/gaf\/?page_id=7268"},"modified":"2026-04-29T19:59:28","modified_gmt":"2026-04-29T17:59:28","slug":"contact-gaf","status":"publish","type":"page","link":"https:\/\/www.ascbg.fr\/gaf\/contact-gaf\/","title":{"rendered":"Contact-gaf"},"content":{"rendered":"","protected":false},"excerpt":{"rendered":"","protected":false},"author":1,"featured_media":0,"parent":0,"menu_order":0,"comment_status":"closed","ping_status":"closed","template":"","meta":{"footnotes":""},"class_list":["post-7268","page","type-page","status-publish"],"yoast_head":"<!-- This site is optimized with the Yoast SEO plugin v27.5 - https:\/\/yoast.com\/product\/yoast-seo-wordpress\/ -->\n<title>Contact-gaf - Gymnastique F\u00e9minine<\/title>\n<meta name=\"robots\" content=\"index, follow, max-snippet:-1, max-image-preview:large, max-video-preview:-1\" \/>\n<link rel=\"canonical\" href=\"https:\/\/www.ascbg.fr\/gaf\/contact-gaf\/\" \/>\n<meta property=\"og:locale\" content=\"fr_FR\" \/>\n<meta property=\"og:type\" content=\"article\" \/>\n<meta property=\"og:title\" content=\"Contact-gaf - Gymnastique F\u00e9minine\" \/>\n<meta property=\"og:url\" content=\"https:\/\/www.ascbg.fr\/gaf\/contact-gaf\/\" \/>\n<meta property=\"og:site_name\" content=\"Gymnastique F\u00e9minine\" \/>\n<meta property=\"article:publisher\" content=\"https:\/\/www.facebook.com\/ascbggaf\" \/>\n<meta property=\"article:modified_time\" content=\"2026-04-29T17:59:28+00:00\" \/>\n<meta name=\"twitter:card\" content=\"summary_large_image\" \/>\n<script type=\"application\/ld+json\" class=\"yoast-schema-graph\">{\"@context\":\"https:\\\/\\\/schema.org\",\"@graph\":[{\"@type\":\"WebPage\",\"@id\":\"https:\\\/\\\/www.ascbg.fr\\\/gaf\\\/contact-gaf\\\/\",\"url\":\"https:\\\/\\\/www.ascbg.fr\\\/gaf\\\/contact-gaf\\\/\",\"name\":\"Contact-gaf - Gymnastique F\u00e9minine\",\"isPartOf\":{\"@id\":\"https:\\\/\\\/www.ascbg.fr\\\/gaf\\\/#website\"},\"datePublished\":\"2026-04-29T16:27:29+00:00\",\"dateModified\":\"2026-04-29T17:59:28+00:00\",\"breadcrumb\":{\"@id\":\"https:\\\/\\\/www.ascbg.fr\\\/gaf\\\/contact-gaf\\\/#breadcrumb\"},\"inLanguage\":\"fr-FR\",\"potentialAction\":[{\"@type\":\"ReadAction\",\"target\":[\"https:\\\/\\\/www.ascbg.fr\\\/gaf\\\/contact-gaf\\\/\"]}]},{\"@type\":\"BreadcrumbList\",\"@id\":\"https:\\\/\\\/www.ascbg.fr\\\/gaf\\\/contact-gaf\\\/#breadcrumb\",\"itemListElement\":[{\"@type\":\"ListItem\",\"position\":1,\"name\":\"Accueil\",\"item\":\"https:\\\/\\\/www.ascbg.fr\\\/gaf\\\/\"},{\"@type\":\"ListItem\",\"position\":2,\"name\":\"Contact-gaf\"}]},{\"@type\":\"WebSite\",\"@id\":\"https:\\\/\\\/www.ascbg.fr\\\/gaf\\\/#website\",\"url\":\"https:\\\/\\\/www.ascbg.fr\\\/gaf\\\/\",\"name\":\"ASC Bonne Garde Activit\u00e9s Physiques F\u00e9minines\",\"description\":\"Vous souhaitez pratiquer une activit\u00e9 physique Gymnique ou Dans\u00e9e, venez \u00e0 l&#039;ASC Bonne Garde\",\"publisher\":{\"@id\":\"https:\\\/\\\/www.ascbg.fr\\\/gaf\\\/#organization\"},\"potentialAction\":[{\"@type\":\"SearchAction\",\"target\":{\"@type\":\"EntryPoint\",\"urlTemplate\":\"https:\\\/\\\/www.ascbg.fr\\\/gaf\\\/?s={search_term_string}\"},\"query-input\":{\"@type\":\"PropertyValueSpecification\",\"valueRequired\":true,\"valueName\":\"search_term_string\"}}],\"inLanguage\":\"fr-FR\"},{\"@type\":\"Organization\",\"@id\":\"https:\\\/\\\/www.ascbg.fr\\\/gaf\\\/#organization\",\"name\":\"ASC Bonne Garde Gymnastique F\u00e9minine\",\"url\":\"https:\\\/\\\/www.ascbg.fr\\\/gaf\\\/\",\"logo\":{\"@type\":\"ImageObject\",\"inLanguage\":\"fr-FR\",\"@id\":\"https:\\\/\\\/www.ascbg.fr\\\/gaf\\\/#\\\/schema\\\/logo\\\/image\\\/\",\"url\":\"https:\\\/\\\/www.ascbg.fr\\\/gaf\\\/wp-content\\\/uploads\\\/sites\\\/4\\\/2023\\\/11\\\/cropped-Favicon.png\",\"contentUrl\":\"https:\\\/\\\/www.ascbg.fr\\\/gaf\\\/wp-content\\\/uploads\\\/sites\\\/4\\\/2023\\\/11\\\/cropped-Favicon.png\",\"width\":500,\"height\":500,\"caption\":\"ASC Bonne Garde Gymnastique F\u00e9minine\"},\"image\":{\"@id\":\"https:\\\/\\\/www.ascbg.fr\\\/gaf\\\/#\\\/schema\\\/logo\\\/image\\\/\"},\"sameAs\":[\"https:\\\/\\\/www.facebook.com\\\/ascbggaf\",\"https:\\\/\\\/www.instagram.com\\\/ascbggaf\\\/\"]}]}<\/script>\n<!-- \/ Yoast SEO plugin. -->","yoast_head_json":{"title":"Contact-gaf - Gymnastique F\u00e9minine","robots":{"index":"index","follow":"follow","max-snippet":"max-snippet:-1","max-image-preview":"max-image-preview:large","max-video-preview":"max-video-preview:-1"},"canonical":"https:\/\/www.ascbg.fr\/gaf\/contact-gaf\/","og_locale":"fr_FR","og_type":"article","og_title":"Contact-gaf - Gymnastique F\u00e9minine","og_url":"https:\/\/www.ascbg.fr\/gaf\/contact-gaf\/","og_site_name":"Gymnastique F\u00e9minine","article_publisher":"https:\/\/www.facebook.com\/ascbggaf","article_modified_time":"2026-04-29T17:59:28+00:00","twitter_card":"summary_large_image","schema":{"@context":"https:\/\/schema.org","@graph":[{"@type":"WebPage","@id":"https:\/\/www.ascbg.fr\/gaf\/contact-gaf\/","url":"https:\/\/www.ascbg.fr\/gaf\/contact-gaf\/","name":"Contact-gaf - Gymnastique F\u00e9minine","isPartOf":{"@id":"https:\/\/www.ascbg.fr\/gaf\/#website"},"datePublished":"2026-04-29T16:27:29+00:00","dateModified":"2026-04-29T17:59:28+00:00","breadcrumb":{"@id":"https:\/\/www.ascbg.fr\/gaf\/contact-gaf\/#breadcrumb"},"inLanguage":"fr-FR","potentialAction":[{"@type":"ReadAction","target":["https:\/\/www.ascbg.fr\/gaf\/contact-gaf\/"]}]},{"@type":"BreadcrumbList","@id":"https:\/\/www.ascbg.fr\/gaf\/contact-gaf\/#breadcrumb","itemListElement":[{"@type":"ListItem","position":1,"name":"Accueil","item":"https:\/\/www.ascbg.fr\/gaf\/"},{"@type":"ListItem","position":2,"name":"Contact-gaf"}]},{"@type":"WebSite","@id":"https:\/\/www.ascbg.fr\/gaf\/#website","url":"https:\/\/www.ascbg.fr\/gaf\/","name":"ASC Bonne Garde Activit\u00e9s Physiques F\u00e9minines","description":"Vous souhaitez pratiquer une activit\u00e9 physique Gymnique ou Dans\u00e9e, venez \u00e0 l&#039;ASC Bonne Garde","publisher":{"@id":"https:\/\/www.ascbg.fr\/gaf\/#organization"},"potentialAction":[{"@type":"SearchAction","target":{"@type":"EntryPoint","urlTemplate":"https:\/\/www.ascbg.fr\/gaf\/?s={search_term_string}"},"query-input":{"@type":"PropertyValueSpecification","valueRequired":true,"valueName":"search_term_string"}}],"inLanguage":"fr-FR"},{"@type":"Organization","@id":"https:\/\/www.ascbg.fr\/gaf\/#organization","name":"ASC Bonne Garde Gymnastique F\u00e9minine","url":"https:\/\/www.ascbg.fr\/gaf\/","logo":{"@type":"ImageObject","inLanguage":"fr-FR","@id":"https:\/\/www.ascbg.fr\/gaf\/#\/schema\/logo\/image\/","url":"https:\/\/www.ascbg.fr\/gaf\/wp-content\/uploads\/sites\/4\/2023\/11\/cropped-Favicon.png","contentUrl":"https:\/\/www.ascbg.fr\/gaf\/wp-content\/uploads\/sites\/4\/2023\/11\/cropped-Favicon.png","width":500,"height":500,"caption":"ASC Bonne Garde Gymnastique F\u00e9minine"},"image":{"@id":"https:\/\/www.ascbg.fr\/gaf\/#\/schema\/logo\/image\/"},"sameAs":["https:\/\/www.facebook.com\/ascbggaf","https:\/\/www.instagram.com\/ascbggaf\/"]}]}},"_links":{"self":[{"href":"https:\/\/www.ascbg.fr\/gaf\/wp-json\/wp\/v2\/pages\/7268","targetHints":{"allow":["GET"]}}],"collection":[{"href":"https:\/\/www.ascbg.fr\/gaf\/wp-json\/wp\/v2\/pages"}],"about":[{"href":"https:\/\/www.ascbg.fr\/gaf\/wp-json\/wp\/v2\/types\/page"}],"author":[{"embeddable":true,"href":"https:\/\/www.ascbg.fr\/gaf\/wp-json\/wp\/v2\/users\/1"}],"replies":[{"embeddable":true,"href":"https:\/\/www.ascbg.fr\/gaf\/wp-json\/wp\/v2\/comments?post=7268"}],"version-history":[{"count":2,"href":"https:\/\/www.ascbg.fr\/gaf\/wp-json\/wp\/v2\/pages\/7268\/revisions"}],"predecessor-version":[{"id":7272,"href":"https:\/\/www.ascbg.fr\/gaf\/wp-json\/wp\/v2\/pages\/7268\/revisions\/7272"}],"wp:attachment":[{"href":"https:\/\/www.ascbg.fr\/gaf\/wp-json\/wp\/v2\/media?parent=7268"}],"curies":[{"name":"wp","href":"https:\/\/api.w.org\/{rel}","templated":true}]}}