{"id":820,"date":"2017-10-04T11:26:14","date_gmt":"2017-10-04T09:26:14","guid":{"rendered":"https:\/\/www.ascbggaf.org\/?page_id=820"},"modified":"2017-10-04T11:26:14","modified_gmt":"2017-10-04T09:26:14","slug":"dons","status":"publish","type":"page","link":"https:\/\/www.ascbg.fr\/gaf\/aidez-nous\/dons\/","title":{"rendered":"Dons, sponsoring et m\u00e9c\u00e9nat"},"content":{"rendered":"<h2>POURQUOI FAIRE UN DON \u00c0 LA SECTION \u00ab\u00a0GYMNASTIQUE F\u00c9MININE\u00a0\u00bb ?<\/h2>\n<p><img fetchpriority=\"high\" decoding=\"async\" class=\"alignleft\" src=\"https:\/\/www.helloasso.com\/assets\/img\/uploads\/14138127-1178417978896715-7122287027601581189-o-1507110803940-d22fe0ac17de44ce96d951d9dba1eb42.jpg\" alt=\"\" width=\"340\" height=\"293\" \/>Que vous soyez un organisme ou un particulier, l&rsquo;id\u00e9e principale est, bien s\u00fbr, de pouvoir <strong>faire \u00e9voluer nos adh\u00e9rents sur du mat\u00e9riel de qualit\u00e9 et r\u00e9cent<\/strong>. De plus, nous voulons pouvoir accompagner nos diff\u00e9rents participants avec le meilleur encadrement possible. Pour certaines activit\u00e9s, des d\u00e9placements nationaux sont engag\u00e9s. Le don peut nous aider \u00e0 r\u00e9aliser de belles performances sportives pour des jeunes motiv\u00e9(e)s.<\/p>\n<p><img decoding=\"async\" class=\"alignright\" src=\"https:\/\/www.helloasso.com\/assets\/img\/uploads\/10993391-820682361336947-8961929799490792463-n-1507110820337-01af26fc87c044fe93904d6661f69720.jpg\" alt=\"\" width=\"319\" height=\"202\" \/><\/p>\n<p>L&rsquo;ensemble des dons permet \u00e0 chaque adh\u00e9rent de se sentir concern\u00e9s, investis et bien dans les locaux et au sein de l&rsquo;association pour se livrer pleinement \u00e0 leur loisir.<\/p>\n<div><\/div>\n<div><\/div>\n<div>\n<h2>DES RECUS FISCAUX ?<\/h2>\n<p>Oui nous pouvons vous fournir un justificatif pour pouvoir d\u00e9duire un montant sur vos imp\u00f4ts. Demandez nous si vous avez besoin d&rsquo;informations.<\/p>\n<\/div>\n<div><\/div>\n<div><\/div>\n<div><\/div>\n<div><\/div>\n","protected":false},"excerpt":{"rendered":"<p>POURQUOI FAIRE UN DON \u00c0 LA SECTION \u00ab\u00a0GYMNASTIQUE F\u00c9MININE\u00a0\u00bb ? Que vous soyez un organisme ou un particulier, l&rsquo;id\u00e9e principale est, bien s\u00fbr, de pouvoir faire \u00e9voluer nos adh\u00e9rents sur du mat\u00e9riel de qualit\u00e9 et r\u00e9cent. De plus, nous voulons pouvoir accompagner nos diff\u00e9rents participants avec le meilleur encadrement possible. Pour certaines activit\u00e9s, des d\u00e9placements nationaux sont engag\u00e9s. Le don peut nous aider \u00e0 r\u00e9aliser de belles performances sportives pour des jeunes motiv\u00e9(e)s. L&rsquo;ensemble des dons permet \u00e0 chaque adh\u00e9rent de se sentir concern\u00e9s, investis et bien dans les locaux et au sein de l&rsquo;association pour se livrer pleinement \u00e0 leur loisir. DES RECUS FISCAUX ? Oui nous pouvons vous fournir un justificatif pour pouvoir d\u00e9duire un montant sur vos imp\u00f4ts. Demandez nous si vous avez besoin d&rsquo;informations.<\/p>\n","protected":false},"author":3,"featured_media":0,"parent":881,"menu_order":-1,"comment_status":"closed","ping_status":"closed","template":"page-dons.php","meta":{"footnotes":""},"class_list":["post-820","page","type-page","status-publish"],"yoast_head":"<!-- This site is optimized with the Yoast SEO plugin v27.4 - https:\/\/yoast.com\/product\/yoast-seo-wordpress\/ -->\n<title>Dons, sponsoring et m\u00e9c\u00e9nat - Gymnastique F\u00e9minine<\/title>\n<meta name=\"robots\" content=\"index, follow, max-snippet:-1, max-image-preview:large, max-video-preview:-1\" \/>\n<link rel=\"canonical\" href=\"https:\/\/www.ascbg.fr\/gaf\/aidez-nous\/dons\/\" \/>\n<meta property=\"og:locale\" content=\"fr_FR\" \/>\n<meta property=\"og:type\" content=\"article\" \/>\n<meta property=\"og:title\" content=\"Dons, sponsoring et m\u00e9c\u00e9nat - Gymnastique F\u00e9minine\" \/>\n<meta property=\"og:description\" content=\"POURQUOI FAIRE UN DON \u00c0 LA SECTION \u00ab\u00a0GYMNASTIQUE F\u00c9MININE\u00a0\u00bb ? Que vous soyez un organisme ou un particulier, l&rsquo;id\u00e9e principale est, bien s\u00fbr, de pouvoir faire \u00e9voluer nos adh\u00e9rents sur du mat\u00e9riel de qualit\u00e9 et r\u00e9cent. De plus, nous voulons pouvoir accompagner nos diff\u00e9rents participants avec le meilleur encadrement possible. Pour certaines activit\u00e9s, des d\u00e9placements nationaux sont engag\u00e9s. Le don peut nous aider \u00e0 r\u00e9aliser de belles performances sportives pour des jeunes motiv\u00e9(e)s. L&rsquo;ensemble des dons permet \u00e0 chaque adh\u00e9rent de se sentir concern\u00e9s, investis et bien dans les locaux et au sein de l&rsquo;association pour se livrer pleinement \u00e0 leur loisir. DES RECUS FISCAUX ? Oui nous pouvons vous fournir un justificatif pour pouvoir d\u00e9duire un montant sur vos imp\u00f4ts. Demandez nous si vous avez besoin d&rsquo;informations.\" \/>\n<meta property=\"og:url\" content=\"https:\/\/www.ascbg.fr\/gaf\/aidez-nous\/dons\/\" \/>\n<meta property=\"og:site_name\" content=\"Gymnastique F\u00e9minine\" \/>\n<meta property=\"article:publisher\" content=\"https:\/\/www.facebook.com\/ascbggaf\" \/>\n<meta property=\"og:image\" content=\"https:\/\/www.helloasso.com\/assets\/img\/uploads\/14138127-1178417978896715-7122287027601581189-o-1507110803940-d22fe0ac17de44ce96d951d9dba1eb42.jpg\" \/>\n<meta name=\"twitter:card\" content=\"summary_large_image\" \/>\n<meta name=\"twitter:label1\" content=\"Dur\u00e9e de lecture estim\u00e9e\" \/>\n\t<meta name=\"twitter:data1\" content=\"2 minutes\" \/>\n<script type=\"application\/ld+json\" class=\"yoast-schema-graph\">{\"@context\":\"https:\\\/\\\/schema.org\",\"@graph\":[{\"@type\":\"WebPage\",\"@id\":\"https:\\\/\\\/www.ascbg.fr\\\/gaf\\\/aidez-nous\\\/dons\\\/\",\"url\":\"https:\\\/\\\/www.ascbg.fr\\\/gaf\\\/aidez-nous\\\/dons\\\/\",\"name\":\"Dons, sponsoring et m\u00e9c\u00e9nat - Gymnastique F\u00e9minine\",\"isPartOf\":{\"@id\":\"https:\\\/\\\/www.ascbg.fr\\\/gaf\\\/#website\"},\"primaryImageOfPage\":{\"@id\":\"https:\\\/\\\/www.ascbg.fr\\\/gaf\\\/aidez-nous\\\/dons\\\/#primaryimage\"},\"image\":{\"@id\":\"https:\\\/\\\/www.ascbg.fr\\\/gaf\\\/aidez-nous\\\/dons\\\/#primaryimage\"},\"thumbnailUrl\":\"https:\\\/\\\/www.helloasso.com\\\/assets\\\/img\\\/uploads\\\/14138127-1178417978896715-7122287027601581189-o-1507110803940-d22fe0ac17de44ce96d951d9dba1eb42.jpg\",\"datePublished\":\"2017-10-04T09:26:14+00:00\",\"breadcrumb\":{\"@id\":\"https:\\\/\\\/www.ascbg.fr\\\/gaf\\\/aidez-nous\\\/dons\\\/#breadcrumb\"},\"inLanguage\":\"fr-FR\",\"potentialAction\":[{\"@type\":\"ReadAction\",\"target\":[\"https:\\\/\\\/www.ascbg.fr\\\/gaf\\\/aidez-nous\\\/dons\\\/\"]}]},{\"@type\":\"ImageObject\",\"inLanguage\":\"fr-FR\",\"@id\":\"https:\\\/\\\/www.ascbg.fr\\\/gaf\\\/aidez-nous\\\/dons\\\/#primaryimage\",\"url\":\"https:\\\/\\\/www.helloasso.com\\\/assets\\\/img\\\/uploads\\\/14138127-1178417978896715-7122287027601581189-o-1507110803940-d22fe0ac17de44ce96d951d9dba1eb42.jpg\",\"contentUrl\":\"https:\\\/\\\/www.helloasso.com\\\/assets\\\/img\\\/uploads\\\/14138127-1178417978896715-7122287027601581189-o-1507110803940-d22fe0ac17de44ce96d951d9dba1eb42.jpg\"},{\"@type\":\"BreadcrumbList\",\"@id\":\"https:\\\/\\\/www.ascbg.fr\\\/gaf\\\/aidez-nous\\\/dons\\\/#breadcrumb\",\"itemListElement\":[{\"@type\":\"ListItem\",\"position\":1,\"name\":\"Accueil\",\"item\":\"https:\\\/\\\/www.ascbg.fr\\\/gaf\\\/\"},{\"@type\":\"ListItem\",\"position\":2,\"name\":\"Aidez-nous\",\"item\":\"https:\\\/\\\/www.ascbg.fr\\\/gaf\\\/aidez-nous\\\/\"},{\"@type\":\"ListItem\",\"position\":3,\"name\":\"Dons, sponsoring et m\u00e9c\u00e9nat\"}]},{\"@type\":\"WebSite\",\"@id\":\"https:\\\/\\\/www.ascbg.fr\\\/gaf\\\/#website\",\"url\":\"https:\\\/\\\/www.ascbg.fr\\\/gaf\\\/\",\"name\":\"ASC Bonne Garde Activit\u00e9s Physiques F\u00e9minines\",\"description\":\"Vous souhaitez pratiquer une activit\u00e9 physique Gymnique ou Dans\u00e9e, venez \u00e0 l&#039;ASC Bonne Garde\",\"publisher\":{\"@id\":\"https:\\\/\\\/www.ascbg.fr\\\/gaf\\\/#organization\"},\"potentialAction\":[{\"@type\":\"SearchAction\",\"target\":{\"@type\":\"EntryPoint\",\"urlTemplate\":\"https:\\\/\\\/www.ascbg.fr\\\/gaf\\\/?s={search_term_string}\"},\"query-input\":{\"@type\":\"PropertyValueSpecification\",\"valueRequired\":true,\"valueName\":\"search_term_string\"}}],\"inLanguage\":\"fr-FR\"},{\"@type\":\"Organization\",\"@id\":\"https:\\\/\\\/www.ascbg.fr\\\/gaf\\\/#organization\",\"name\":\"ASC Bonne Garde Gymnastique F\u00e9minine\",\"url\":\"https:\\\/\\\/www.ascbg.fr\\\/gaf\\\/\",\"logo\":{\"@type\":\"ImageObject\",\"inLanguage\":\"fr-FR\",\"@id\":\"https:\\\/\\\/www.ascbg.fr\\\/gaf\\\/#\\\/schema\\\/logo\\\/image\\\/\",\"url\":\"https:\\\/\\\/www.ascbg.fr\\\/gaf\\\/wp-content\\\/uploads\\\/sites\\\/4\\\/2023\\\/11\\\/cropped-Favicon.png\",\"contentUrl\":\"https:\\\/\\\/www.ascbg.fr\\\/gaf\\\/wp-content\\\/uploads\\\/sites\\\/4\\\/2023\\\/11\\\/cropped-Favicon.png\",\"width\":500,\"height\":500,\"caption\":\"ASC Bonne Garde Gymnastique F\u00e9minine\"},\"image\":{\"@id\":\"https:\\\/\\\/www.ascbg.fr\\\/gaf\\\/#\\\/schema\\\/logo\\\/image\\\/\"},\"sameAs\":[\"https:\\\/\\\/www.facebook.com\\\/ascbggaf\",\"https:\\\/\\\/www.instagram.com\\\/ascbggaf\\\/\"]}]}<\/script>\n<!-- \/ Yoast SEO plugin. -->","yoast_head_json":{"title":"Dons, sponsoring et m\u00e9c\u00e9nat - Gymnastique F\u00e9minine","robots":{"index":"index","follow":"follow","max-snippet":"max-snippet:-1","max-image-preview":"max-image-preview:large","max-video-preview":"max-video-preview:-1"},"canonical":"https:\/\/www.ascbg.fr\/gaf\/aidez-nous\/dons\/","og_locale":"fr_FR","og_type":"article","og_title":"Dons, sponsoring et m\u00e9c\u00e9nat - Gymnastique F\u00e9minine","og_description":"POURQUOI FAIRE UN DON \u00c0 LA SECTION \u00ab\u00a0GYMNASTIQUE F\u00c9MININE\u00a0\u00bb ? Que vous soyez un organisme ou un particulier, l&rsquo;id\u00e9e principale est, bien s\u00fbr, de pouvoir faire \u00e9voluer nos adh\u00e9rents sur du mat\u00e9riel de qualit\u00e9 et r\u00e9cent. De plus, nous voulons pouvoir accompagner nos diff\u00e9rents participants avec le meilleur encadrement possible. Pour certaines activit\u00e9s, des d\u00e9placements nationaux sont engag\u00e9s. Le don peut nous aider \u00e0 r\u00e9aliser de belles performances sportives pour des jeunes motiv\u00e9(e)s. L&rsquo;ensemble des dons permet \u00e0 chaque adh\u00e9rent de se sentir concern\u00e9s, investis et bien dans les locaux et au sein de l&rsquo;association pour se livrer pleinement \u00e0 leur loisir. DES RECUS FISCAUX ? Oui nous pouvons vous fournir un justificatif pour pouvoir d\u00e9duire un montant sur vos imp\u00f4ts. Demandez nous si vous avez besoin d&rsquo;informations.","og_url":"https:\/\/www.ascbg.fr\/gaf\/aidez-nous\/dons\/","og_site_name":"Gymnastique F\u00e9minine","article_publisher":"https:\/\/www.facebook.com\/ascbggaf","og_image":[{"url":"https:\/\/www.helloasso.com\/assets\/img\/uploads\/14138127-1178417978896715-7122287027601581189-o-1507110803940-d22fe0ac17de44ce96d951d9dba1eb42.jpg","type":"","width":"","height":""}],"twitter_card":"summary_large_image","twitter_misc":{"Dur\u00e9e de lecture estim\u00e9e":"2 minutes"},"schema":{"@context":"https:\/\/schema.org","@graph":[{"@type":"WebPage","@id":"https:\/\/www.ascbg.fr\/gaf\/aidez-nous\/dons\/","url":"https:\/\/www.ascbg.fr\/gaf\/aidez-nous\/dons\/","name":"Dons, sponsoring et m\u00e9c\u00e9nat - Gymnastique F\u00e9minine","isPartOf":{"@id":"https:\/\/www.ascbg.fr\/gaf\/#website"},"primaryImageOfPage":{"@id":"https:\/\/www.ascbg.fr\/gaf\/aidez-nous\/dons\/#primaryimage"},"image":{"@id":"https:\/\/www.ascbg.fr\/gaf\/aidez-nous\/dons\/#primaryimage"},"thumbnailUrl":"https:\/\/www.helloasso.com\/assets\/img\/uploads\/14138127-1178417978896715-7122287027601581189-o-1507110803940-d22fe0ac17de44ce96d951d9dba1eb42.jpg","datePublished":"2017-10-04T09:26:14+00:00","breadcrumb":{"@id":"https:\/\/www.ascbg.fr\/gaf\/aidez-nous\/dons\/#breadcrumb"},"inLanguage":"fr-FR","potentialAction":[{"@type":"ReadAction","target":["https:\/\/www.ascbg.fr\/gaf\/aidez-nous\/dons\/"]}]},{"@type":"ImageObject","inLanguage":"fr-FR","@id":"https:\/\/www.ascbg.fr\/gaf\/aidez-nous\/dons\/#primaryimage","url":"https:\/\/www.helloasso.com\/assets\/img\/uploads\/14138127-1178417978896715-7122287027601581189-o-1507110803940-d22fe0ac17de44ce96d951d9dba1eb42.jpg","contentUrl":"https:\/\/www.helloasso.com\/assets\/img\/uploads\/14138127-1178417978896715-7122287027601581189-o-1507110803940-d22fe0ac17de44ce96d951d9dba1eb42.jpg"},{"@type":"BreadcrumbList","@id":"https:\/\/www.ascbg.fr\/gaf\/aidez-nous\/dons\/#breadcrumb","itemListElement":[{"@type":"ListItem","position":1,"name":"Accueil","item":"https:\/\/www.ascbg.fr\/gaf\/"},{"@type":"ListItem","position":2,"name":"Aidez-nous","item":"https:\/\/www.ascbg.fr\/gaf\/aidez-nous\/"},{"@type":"ListItem","position":3,"name":"Dons, sponsoring et m\u00e9c\u00e9nat"}]},{"@type":"WebSite","@id":"https:\/\/www.ascbg.fr\/gaf\/#website","url":"https:\/\/www.ascbg.fr\/gaf\/","name":"ASC Bonne Garde Activit\u00e9s Physiques F\u00e9minines","description":"Vous souhaitez pratiquer une activit\u00e9 physique Gymnique ou Dans\u00e9e, venez \u00e0 l&#039;ASC Bonne Garde","publisher":{"@id":"https:\/\/www.ascbg.fr\/gaf\/#organization"},"potentialAction":[{"@type":"SearchAction","target":{"@type":"EntryPoint","urlTemplate":"https:\/\/www.ascbg.fr\/gaf\/?s={search_term_string}"},"query-input":{"@type":"PropertyValueSpecification","valueRequired":true,"valueName":"search_term_string"}}],"inLanguage":"fr-FR"},{"@type":"Organization","@id":"https:\/\/www.ascbg.fr\/gaf\/#organization","name":"ASC Bonne Garde Gymnastique F\u00e9minine","url":"https:\/\/www.ascbg.fr\/gaf\/","logo":{"@type":"ImageObject","inLanguage":"fr-FR","@id":"https:\/\/www.ascbg.fr\/gaf\/#\/schema\/logo\/image\/","url":"https:\/\/www.ascbg.fr\/gaf\/wp-content\/uploads\/sites\/4\/2023\/11\/cropped-Favicon.png","contentUrl":"https:\/\/www.ascbg.fr\/gaf\/wp-content\/uploads\/sites\/4\/2023\/11\/cropped-Favicon.png","width":500,"height":500,"caption":"ASC Bonne Garde Gymnastique F\u00e9minine"},"image":{"@id":"https:\/\/www.ascbg.fr\/gaf\/#\/schema\/logo\/image\/"},"sameAs":["https:\/\/www.facebook.com\/ascbggaf","https:\/\/www.instagram.com\/ascbggaf\/"]}]}},"_links":{"self":[{"href":"https:\/\/www.ascbg.fr\/gaf\/wp-json\/wp\/v2\/pages\/820","targetHints":{"allow":["GET"]}}],"collection":[{"href":"https:\/\/www.ascbg.fr\/gaf\/wp-json\/wp\/v2\/pages"}],"about":[{"href":"https:\/\/www.ascbg.fr\/gaf\/wp-json\/wp\/v2\/types\/page"}],"author":[{"embeddable":true,"href":"https:\/\/www.ascbg.fr\/gaf\/wp-json\/wp\/v2\/users\/3"}],"replies":[{"embeddable":true,"href":"https:\/\/www.ascbg.fr\/gaf\/wp-json\/wp\/v2\/comments?post=820"}],"version-history":[{"count":0,"href":"https:\/\/www.ascbg.fr\/gaf\/wp-json\/wp\/v2\/pages\/820\/revisions"}],"up":[{"embeddable":true,"href":"https:\/\/www.ascbg.fr\/gaf\/wp-json\/wp\/v2\/pages\/881"}],"wp:attachment":[{"href":"https:\/\/www.ascbg.fr\/gaf\/wp-json\/wp\/v2\/media?parent=820"}],"curies":[{"name":"wp","href":"https:\/\/api.w.org\/{rel}","templated":true}]}}