{"id":4,"date":"2024-01-17T12:19:56","date_gmt":"2024-01-17T11:19:56","guid":{"rendered":"https:\/\/www.ascbg.fr\/tta\/?page_id=4"},"modified":"2026-05-08T17:34:13","modified_gmt":"2026-05-08T15:34:13","slug":"accueil","status":"publish","type":"page","link":"https:\/\/www.ascbg.fr\/tennisdetable\/","title":{"rendered":"Accueil"},"content":{"rendered":"<h2>UN GRAND CLUB NANTAIS<\/h2>\n<p>Le club de Tennis de Table de Bonne-Garde est un club convivial qui se situe dans le quartier Saint-Jacques, pr\u00e8s de Pirmil, au sud de Nantes.<\/p>\n<p>Il compte 65 licenci\u00e9s, en forte progression (+ 37%) depuis l&rsquo;arriv\u00e9e d&rsquo;une nouvelle pratique \u00e0 destination des personnes en situation de handicap visuel : le Showdown<\/p>\n<p>Notre club v\u00e9hicule des valeurs de partage et d\u2019entraide. Nous avons mis en place, au fur et \u00e0 mesure des ann\u00e9es, un projet p\u00e9dagogique adapt\u00e9 \u00e0 l\u2019\u00e2ge et aux capacit\u00e9s de chacun.<\/p>\n<p>Vous pouvez y pratiquer ce sport en en loisir ou en comp\u00e9tition, que vous soyez d\u00e9butant ou chevronn\u00e9, l\u2019ambiance y est toujours sympathique o\u00f9 les plus anciens conseillent les d\u00e9butants.<\/p>\n<p>On peut pratiquer le tennis de table \u00e0 n\u2019importe quel \u00e2ge et on y trouvera toujours du plaisir.<\/p>\n\n\n<p><strong>ACTUALITES<\/strong><\/p>\n\n\n\n<p><a href=\"https:\/\/www.ascbg.fr\/tennisdetable\/actualites\/\" target=\"_blank\" rel=\"noreferrer noopener\"><mark style=\"background-color:#ffffff\" class=\"has-inline-color has-vivid-cyan-blue-color\">Nos derni\u00e8res actus<\/mark><\/a><\/p>\n\n\n\n<p>Suivez aussi toute l\u2019actualit\u00e9 du club sur Instagram en cliquant sur le logo :<\/p>\n\n\n\n\n<figure class=\"wp-block-image size-large is-resized\"><a href=\"https:\/\/www.instagram.com\/bonne_garde_tt\/#\" target=\"_blank\" rel=\"noopener\"><img decoding=\"async\" class=\"wp-image-493\" src=\"https:\/\/www.ascbg.fr\/tennisdetable\/wp-content\/uploads\/sites\/5\/2025\/09\/logo-insta-1024x1024.webp\" alt=\"\" width=\"50\" height=\"50\" srcset=\"https:\/\/www.ascbg.fr\/tennisdetable\/wp-content\/uploads\/sites\/5\/2025\/09\/logo-insta-1024x1024.webp 1024w, https:\/\/www.ascbg.fr\/tennisdetable\/wp-content\/uploads\/sites\/5\/2025\/09\/logo-insta-300x300.webp 300w, https:\/\/www.ascbg.fr\/tennisdetable\/wp-content\/uploads\/sites\/5\/2025\/09\/logo-insta-150x150.webp 150w, https:\/\/www.ascbg.fr\/tennisdetable\/wp-content\/uploads\/sites\/5\/2025\/09\/logo-insta-768x768.webp 768w, https:\/\/www.ascbg.fr\/tennisdetable\/wp-content\/uploads\/sites\/5\/2025\/09\/logo-insta.webp 1200w\" sizes=\"(max-width: 50px) 100vw, 50px\" \/><\/a><\/figure>\n\n\n\n<p><strong>LA SALLE<\/strong><\/p>\n<p><img fetchpriority=\"high\" decoding=\"async\" src=\"https:\/\/www.ascbg.fr\/tennisdetable\/wp-content\/uploads\/sites\/5\/2024\/01\/2023-09-19-300x169.jpg\" alt=\"\" width=\"300\" height=\"169\" \/><\/p>\n<p>Une salle de 200 m\u00b2 est d\u00e9di\u00e9e a la pratique du Tennis de Table \u00e0 Bonne Garde. La seule salle de cette superficie \u00e0 Nantes Sud.<\/p>\n<p>De nombreuses \u00e9coles viennent faire d\u00e9couvrir le tennis de table dans notre salle \u00e9quip\u00e9e de 12 tables.\u00a0<\/p>\n<p>Au coeur du complexe de Bonne Garde vous pourrez vous entrainer en toute simplicit\u00e9.<\/p>\n<p><strong>LE BUREAU<\/strong><\/p>\n<ul>\n<li>Pr\u00e9sident : Thierry GUERET<\/li>\n<\/ul>\n<ul>\n<li>Secr\u00e9taire : Ronan BERTRAIT<\/li>\n<\/ul>\n<ul>\n<li>Tr\u00e9sorier :\u00a0Michael BOUDAUD<\/li>\n<\/ul>\n<p><strong>LES ENTRAINEURS<\/strong><\/p>\n<p>Mat\u00e9o HY, entraineur dipl\u00f4m\u00e9, intervient le lundi soir de 17h00 \u00e0 18h30 pour accompagner les jeunes dans leur progression du tennis de table<\/p>\n<p>Pour les s\u00e9ances loisirs et comp\u00e9tition les mardi, mercredi et vendredi soir \u00e0 partir de 18h30, vous serez accompagn\u00e9s par les b\u00e9n\u00e9voles du club qui seront l\u00e0 pour vous conseiller et vous faire progresser.<\/p>\n<p><strong>LES S\u00c9ANCES<\/strong><\/p>\n<p>Le club propose des entra\u00eenements pour tous :\u00a0<\/p>\n<ul>\n<li>Pour les enfants de 6 \u00e0 18 ans : des s\u00e9ances dirig\u00e9es par un entra\u00eeneur dipl\u00f4m\u00e9 pour une pratique en loisirs ou en comp\u00e9tition\u00a0<\/li>\n<\/ul>\n<ul>\n<li>Pour les adultes : des entra\u00eenements dirig\u00e9s et\/ou libres pour comp\u00e9titeurs et loisirs<\/li>\n<li>Pour les personnes en situation de handicap visuel avec le Showdown, deux \u00e0 trois fois par semaine<\/li>\n<\/ul>\n\n\n<p><strong>S\u00e9ance jeunes dirig\u00e9e par un entraineur dipl\u00f4m\u00e9 le lundi soir de 17h \u00e0 18h30<\/strong><\/p>\n\n\n\n<p><strong>S\u00e9ance loisirs le mardi de 18h30<\/strong><strong>&nbsp;\u00e0 20h<\/strong><\/p>\n\n\n\n<p><strong>S\u00e9ance comp\u00e9tition le mercredi de 19h \u00e0 21h<\/strong><\/p>\n\n\n\n<p><strong>S\u00e9ance libre le vendredi \u00e0 partir de 18h30 \u00e0 21h<\/strong><\/p>\n\n\n\n<p><strong>LES COMPETITIONS<\/strong><\/p>\n\n\n\n<p>La phase 1 de l\u2019ann\u00e9e 2025-2026 s\u2019est achev\u00e9e en d\u00e9cembre avec le maintien de nos 2 \u00e9quipes de D2 et la mont\u00e9e de l\u2019\u00e9quipe jeunes de D3 en D2.<\/p>\n\n\n\n<p>La phase 2 de l\u2019ann\u00e9e 2025-2026 a d\u00e9but\u00e9 en janvier dans la bonne humeur et plein d\u2019envie !!<\/p>\n\n\n\n<p><strong>LES EQUIPES<\/strong><\/p>\n\n\n\n<p>D2 1 (3\u00e8me sur 8 en phase 1 2025-2026)<\/p>\n\n\n\n<p>D2 2 (2\u00e8me sur 8 en phase 1 2025-2026)<\/p>\n\n\n\n<p>D4 (nouvelle \u00e9quipe phase 2 2025-2026)<\/p>\n\n\n\n<p>D2 Poussins\/Benjamins\/Minimes (mont\u00e9e de D3)<\/p>\n\n\n\n<p><strong>CONTACT<\/strong><\/p>\n\n\n\n<p>T\u00e9l : 06-09-60-24-53<\/p>\n\n\n\n<p>Mail : tennisdetable@ascbg.fr<\/p>\n\n\n\n<p><strong>INSCRIPTIONS<\/strong><\/p>\n\n\n\n<p>Si vous souhaitez nous rejoindre cette ann\u00e9e, vous pouvez vous inscrire en suivant ce lien :&nbsp;<a href=\"https:\/\/ascbg.monclub.app\/subscription\/614f252385413d00286474d9\" target=\"_blank\" rel=\"noreferrer noopener\">Inscription<\/a><\/p>\n\n\n\n<p><strong>PARTENARIAT<\/strong><\/p>\n\n\n\n<p>Afin d\u2019accompagner notre d\u00e9veloppement et de concr\u00e9tiser nos ambitions, le club souhaite s\u2019associer&nbsp; \u00e0 des partenaires \u00e9conomiques et associatifs locaux.<\/p>\n\n\n\n<p>Si vous souhaitez faire partie de l\u2019aventure, toutes les informations en suivant ce lien&nbsp;<a href=\"https:\/\/www.ascbg.fr\/tennisdetable\/partenariat\/\" target=\"_blank\" rel=\"noreferrer noopener\">Sponsor<\/a><\/p>\n\n\n<p><b>\u00a0<\/b><\/p>\n<p>\u00a0<\/p>\n\n\n<p><\/p>\n\n\n\n<p><\/p>\n\n\n\n<p><\/p>\n\n\n\n<p><\/p>\n\n\n\n<p><\/p>\n\n\n\n<p><\/p>\n\n\n\n<p><\/p>\n\n\n\n<p><\/p>\n\n\n\n<p><\/p>\n\n\n\n<p><\/p>\n\n\n\n<p><\/p>\n\n\n","protected":false},"excerpt":{"rendered":"<p>UN GRAND CLUB NANTAIS Le club de Tennis de Table de Bonne-Garde est un club convivial qui se situe dans le quartier Saint-Jacques, pr\u00e8s de Pirmil, au sud de Nantes. Il compte 65 licenci\u00e9s, en forte progression (+ 37%) depuis l&rsquo;arriv\u00e9e d&rsquo;une nouvelle pratique \u00e0 destination des personnes en situation de handicap visuel : le Showdown Notre club v\u00e9hicule des valeurs de partage et d\u2019entraide. Nous avons mis en place, au fur et \u00e0 mesure des ann\u00e9es, un projet p\u00e9dagogique adapt\u00e9 \u00e0 l\u2019\u00e2ge et aux capacit\u00e9s de chacun. Vous pouvez y pratiquer ce sport en en loisir ou en comp\u00e9tition, que vous soyez d\u00e9butant ou chevronn\u00e9, l\u2019ambiance y est toujours sympathique o\u00f9 les plus anciens conseillent les d\u00e9butants. On peut pratiquer le tennis de table \u00e0 n\u2019importe quel \u00e2ge et on y trouvera toujours du plaisir. ACTUALITES Nos derni\u00e8res actus Suivez aussi toute l\u2019actualit\u00e9 du club sur Instagram en cliquant&hellip;<\/p>\n<p> <a class=\"more-link\" href=\"https:\/\/www.ascbg.fr\/tennisdetable\/\">Lire la suite<\/a><\/p>\n","protected":false},"author":4,"featured_media":528,"parent":0,"menu_order":0,"comment_status":"closed","ping_status":"closed","template":"","meta":{"footnotes":""},"class_list":["post-4","page","type-page","status-publish","has-post-thumbnail"],"yoast_head":"<!-- This site is optimized with the Yoast SEO plugin v27.5 - https:\/\/yoast.com\/product\/yoast-seo-wordpress\/ -->\n<title>Accueil - Tennis de Table<\/title>\n<meta name=\"robots\" content=\"index, follow, max-snippet:-1, max-image-preview:large, max-video-preview:-1\" \/>\n<link rel=\"canonical\" href=\"https:\/\/www.ascbg.fr\/tennisdetable\/\" \/>\n<meta property=\"og:locale\" content=\"fr_FR\" \/>\n<meta property=\"og:type\" content=\"article\" \/>\n<meta property=\"og:title\" content=\"Accueil - Tennis de Table\" \/>\n<meta property=\"og:description\" content=\"UN GRAND CLUB NANTAIS Le club de Tennis de Table de Bonne-Garde est un club convivial qui se situe dans le quartier Saint-Jacques, pr\u00e8s de Pirmil, au sud de Nantes. Il compte 65 licenci\u00e9s, en forte progression (+ 37%) depuis l&rsquo;arriv\u00e9e d&rsquo;une nouvelle pratique \u00e0 destination des personnes en situation de handicap visuel : le Showdown Notre club v\u00e9hicule des valeurs de partage et d\u2019entraide. Nous avons mis en place, au fur et \u00e0 mesure des ann\u00e9es, un projet p\u00e9dagogique adapt\u00e9 \u00e0 l\u2019\u00e2ge et aux capacit\u00e9s de chacun. Vous pouvez y pratiquer ce sport en en loisir ou en comp\u00e9tition, que vous soyez d\u00e9butant ou chevronn\u00e9, l\u2019ambiance y est toujours sympathique o\u00f9 les plus anciens conseillent les d\u00e9butants. On peut pratiquer le tennis de table \u00e0 n\u2019importe quel \u00e2ge et on y trouvera toujours du plaisir. ACTUALITES Nos derni\u00e8res actus Suivez aussi toute l\u2019actualit\u00e9 du club sur Instagram en cliquant&hellip;  Lire la suite\" \/>\n<meta property=\"og:url\" content=\"https:\/\/www.ascbg.fr\/tennisdetable\/\" \/>\n<meta property=\"og:site_name\" content=\"Tennis de Table\" \/>\n<meta property=\"article:modified_time\" content=\"2026-05-08T15:34:13+00:00\" \/>\n<meta property=\"og:image\" content=\"https:\/\/www.ascbg.fr\/tennisdetable\/wp-content\/uploads\/sites\/5\/2025\/09\/Contact_vide-scaled.jpg\" \/>\n\t<meta property=\"og:image:width\" content=\"2560\" \/>\n\t<meta property=\"og:image:height\" content=\"1167\" \/>\n\t<meta property=\"og:image:type\" content=\"image\/jpeg\" \/>\n<meta name=\"twitter:card\" content=\"summary_large_image\" \/>\n<meta name=\"twitter:label1\" content=\"Dur\u00e9e de lecture estim\u00e9e\" \/>\n\t<meta name=\"twitter:data1\" content=\"4 minutes\" \/>\n<script type=\"application\/ld+json\" class=\"yoast-schema-graph\">{\"@context\":\"https:\\\/\\\/schema.org\",\"@graph\":[{\"@type\":\"WebPage\",\"@id\":\"https:\\\/\\\/www.ascbg.fr\\\/tennisdetable\\\/\",\"url\":\"https:\\\/\\\/www.ascbg.fr\\\/tennisdetable\\\/\",\"name\":\"Accueil - Tennis de Table\",\"isPartOf\":{\"@id\":\"https:\\\/\\\/www.ascbg.fr\\\/tennisdetable\\\/#website\"},\"primaryImageOfPage\":{\"@id\":\"https:\\\/\\\/www.ascbg.fr\\\/tennisdetable\\\/#primaryimage\"},\"image\":{\"@id\":\"https:\\\/\\\/www.ascbg.fr\\\/tennisdetable\\\/#primaryimage\"},\"thumbnailUrl\":\"https:\\\/\\\/www.ascbg.fr\\\/tennisdetable\\\/wp-content\\\/uploads\\\/sites\\\/5\\\/2025\\\/09\\\/Contact_vide-scaled.jpg\",\"datePublished\":\"2024-01-17T11:19:56+00:00\",\"dateModified\":\"2026-05-08T15:34:13+00:00\",\"breadcrumb\":{\"@id\":\"https:\\\/\\\/www.ascbg.fr\\\/tennisdetable\\\/#breadcrumb\"},\"inLanguage\":\"fr-FR\",\"potentialAction\":[{\"@type\":\"ReadAction\",\"target\":[\"https:\\\/\\\/www.ascbg.fr\\\/tennisdetable\\\/\"]}]},{\"@type\":\"ImageObject\",\"inLanguage\":\"fr-FR\",\"@id\":\"https:\\\/\\\/www.ascbg.fr\\\/tennisdetable\\\/#primaryimage\",\"url\":\"https:\\\/\\\/www.ascbg.fr\\\/tennisdetable\\\/wp-content\\\/uploads\\\/sites\\\/5\\\/2025\\\/09\\\/Contact_vide-scaled.jpg\",\"contentUrl\":\"https:\\\/\\\/www.ascbg.fr\\\/tennisdetable\\\/wp-content\\\/uploads\\\/sites\\\/5\\\/2025\\\/09\\\/Contact_vide-scaled.jpg\",\"width\":2560,\"height\":1167},{\"@type\":\"BreadcrumbList\",\"@id\":\"https:\\\/\\\/www.ascbg.fr\\\/tennisdetable\\\/#breadcrumb\",\"itemListElement\":[{\"@type\":\"ListItem\",\"position\":1,\"name\":\"Accueil\",\"item\":\"https:\\\/\\\/www.ascbg.fr\\\/tennisdetable\\\/\"},{\"@type\":\"ListItem\",\"position\":2,\"name\":\"Accueil\"}]},{\"@type\":\"WebSite\",\"@id\":\"https:\\\/\\\/www.ascbg.fr\\\/tennisdetable\\\/#website\",\"url\":\"https:\\\/\\\/www.ascbg.fr\\\/tennisdetable\\\/\",\"name\":\"Tennis de Table\",\"description\":\"\",\"potentialAction\":[{\"@type\":\"SearchAction\",\"target\":{\"@type\":\"EntryPoint\",\"urlTemplate\":\"https:\\\/\\\/www.ascbg.fr\\\/tennisdetable\\\/?s={search_term_string}\"},\"query-input\":{\"@type\":\"PropertyValueSpecification\",\"valueRequired\":true,\"valueName\":\"search_term_string\"}}],\"inLanguage\":\"fr-FR\"}]}<\/script>\n<!-- \/ Yoast SEO plugin. -->","yoast_head_json":{"title":"Accueil - Tennis de Table","robots":{"index":"index","follow":"follow","max-snippet":"max-snippet:-1","max-image-preview":"max-image-preview:large","max-video-preview":"max-video-preview:-1"},"canonical":"https:\/\/www.ascbg.fr\/tennisdetable\/","og_locale":"fr_FR","og_type":"article","og_title":"Accueil - Tennis de Table","og_description":"UN GRAND CLUB NANTAIS Le club de Tennis de Table de Bonne-Garde est un club convivial qui se situe dans le quartier Saint-Jacques, pr\u00e8s de Pirmil, au sud de Nantes. Il compte 65 licenci\u00e9s, en forte progression (+ 37%) depuis l&rsquo;arriv\u00e9e d&rsquo;une nouvelle pratique \u00e0 destination des personnes en situation de handicap visuel : le Showdown Notre club v\u00e9hicule des valeurs de partage et d\u2019entraide. Nous avons mis en place, au fur et \u00e0 mesure des ann\u00e9es, un projet p\u00e9dagogique adapt\u00e9 \u00e0 l\u2019\u00e2ge et aux capacit\u00e9s de chacun. Vous pouvez y pratiquer ce sport en en loisir ou en comp\u00e9tition, que vous soyez d\u00e9butant ou chevronn\u00e9, l\u2019ambiance y est toujours sympathique o\u00f9 les plus anciens conseillent les d\u00e9butants. On peut pratiquer le tennis de table \u00e0 n\u2019importe quel \u00e2ge et on y trouvera toujours du plaisir. ACTUALITES Nos derni\u00e8res actus Suivez aussi toute l\u2019actualit\u00e9 du club sur Instagram en cliquant&hellip;  Lire la suite","og_url":"https:\/\/www.ascbg.fr\/tennisdetable\/","og_site_name":"Tennis de Table","article_modified_time":"2026-05-08T15:34:13+00:00","og_image":[{"width":2560,"height":1167,"url":"https:\/\/www.ascbg.fr\/tennisdetable\/wp-content\/uploads\/sites\/5\/2025\/09\/Contact_vide-scaled.jpg","type":"image\/jpeg"}],"twitter_card":"summary_large_image","twitter_misc":{"Dur\u00e9e de lecture estim\u00e9e":"4 minutes"},"schema":{"@context":"https:\/\/schema.org","@graph":[{"@type":"WebPage","@id":"https:\/\/www.ascbg.fr\/tennisdetable\/","url":"https:\/\/www.ascbg.fr\/tennisdetable\/","name":"Accueil - Tennis de Table","isPartOf":{"@id":"https:\/\/www.ascbg.fr\/tennisdetable\/#website"},"primaryImageOfPage":{"@id":"https:\/\/www.ascbg.fr\/tennisdetable\/#primaryimage"},"image":{"@id":"https:\/\/www.ascbg.fr\/tennisdetable\/#primaryimage"},"thumbnailUrl":"https:\/\/www.ascbg.fr\/tennisdetable\/wp-content\/uploads\/sites\/5\/2025\/09\/Contact_vide-scaled.jpg","datePublished":"2024-01-17T11:19:56+00:00","dateModified":"2026-05-08T15:34:13+00:00","breadcrumb":{"@id":"https:\/\/www.ascbg.fr\/tennisdetable\/#breadcrumb"},"inLanguage":"fr-FR","potentialAction":[{"@type":"ReadAction","target":["https:\/\/www.ascbg.fr\/tennisdetable\/"]}]},{"@type":"ImageObject","inLanguage":"fr-FR","@id":"https:\/\/www.ascbg.fr\/tennisdetable\/#primaryimage","url":"https:\/\/www.ascbg.fr\/tennisdetable\/wp-content\/uploads\/sites\/5\/2025\/09\/Contact_vide-scaled.jpg","contentUrl":"https:\/\/www.ascbg.fr\/tennisdetable\/wp-content\/uploads\/sites\/5\/2025\/09\/Contact_vide-scaled.jpg","width":2560,"height":1167},{"@type":"BreadcrumbList","@id":"https:\/\/www.ascbg.fr\/tennisdetable\/#breadcrumb","itemListElement":[{"@type":"ListItem","position":1,"name":"Accueil","item":"https:\/\/www.ascbg.fr\/tennisdetable\/"},{"@type":"ListItem","position":2,"name":"Accueil"}]},{"@type":"WebSite","@id":"https:\/\/www.ascbg.fr\/tennisdetable\/#website","url":"https:\/\/www.ascbg.fr\/tennisdetable\/","name":"Tennis de Table","description":"","potentialAction":[{"@type":"SearchAction","target":{"@type":"EntryPoint","urlTemplate":"https:\/\/www.ascbg.fr\/tennisdetable\/?s={search_term_string}"},"query-input":{"@type":"PropertyValueSpecification","valueRequired":true,"valueName":"search_term_string"}}],"inLanguage":"fr-FR"}]}},"_links":{"self":[{"href":"https:\/\/www.ascbg.fr\/tennisdetable\/wp-json\/wp\/v2\/pages\/4","targetHints":{"allow":["GET"]}}],"collection":[{"href":"https:\/\/www.ascbg.fr\/tennisdetable\/wp-json\/wp\/v2\/pages"}],"about":[{"href":"https:\/\/www.ascbg.fr\/tennisdetable\/wp-json\/wp\/v2\/types\/page"}],"author":[{"embeddable":true,"href":"https:\/\/www.ascbg.fr\/tennisdetable\/wp-json\/wp\/v2\/users\/4"}],"replies":[{"embeddable":true,"href":"https:\/\/www.ascbg.fr\/tennisdetable\/wp-json\/wp\/v2\/comments?post=4"}],"version-history":[{"count":222,"href":"https:\/\/www.ascbg.fr\/tennisdetable\/wp-json\/wp\/v2\/pages\/4\/revisions"}],"predecessor-version":[{"id":739,"href":"https:\/\/www.ascbg.fr\/tennisdetable\/wp-json\/wp\/v2\/pages\/4\/revisions\/739"}],"wp:featuredmedia":[{"embeddable":true,"href":"https:\/\/www.ascbg.fr\/tennisdetable\/wp-json\/wp\/v2\/media\/528"}],"wp:attachment":[{"href":"https:\/\/www.ascbg.fr\/tennisdetable\/wp-json\/wp\/v2\/media?parent=4"}],"curies":[{"name":"wp","href":"https:\/\/api.w.org\/{rel}","templated":true}]}}